{"id":3862,"date":"2020-01-27T10:03:11","date_gmt":"2020-01-27T09:03:11","guid":{"rendered":"http:\/\/vxcyhlr.cluster024.hosting.ovh.net\/silvera\/?page_id=3862"},"modified":"2020-01-28T16:54:38","modified_gmt":"2020-01-28T15:54:38","slug":"reglement-grand-jeu-concours-silver-alliance-forum-des-seniors-de-bretagne-2020","status":"publish","type":"page","link":"http:\/\/vxcyhlr.cluster024.hosting.ovh.net\/silvera\/reglement-grand-jeu-concours-silver-alliance-forum-des-seniors-de-bretagne-2020\/","title":{"rendered":"R\u00e9glement Grand Jeu Concours Silver Alliance &#8211; Forum des Seniors de Bretagne 2020"},"content":{"rendered":"\n<p><strong>Article 1. LA SOCI\u00c9T\u00c9\nORGANISATRICE<\/strong><\/p>\n\n\n\n<p>La\nsoci\u00e9t\u00e9 Silver Alliance, compos\u00e9e de 21 marques de r\u00e9f\u00e9rence<a href=\"#_ftn1\">[1]<\/a>,\nimmatricul\u00e9e au Registre du Commerce et des Soci\u00e9t\u00e9s sous le num\u00e9ro 839 664 901\net dont le si\u00e8ge social se trouve 15 rue Edgar Brandt &#8211; 72000 Le Mans (ci-apr\u00e8s\n\u00ab la Soci\u00e9t\u00e9 Organisatrice \u00bb) organise \u00e0 l\u2019occasion du Forum des Seniors de\nBretagne 2020 un jeu concours gratuit sans obligation d\u2019achat, nomm\u00e9 \u00ab Grand\nJeu Concours Silver Alliance \u00bb (ci-apr\u00e8s \u00ab le Jeu concours \u00bb), et accessible\npar le biais d\u2019un bulletin de participation. Les modalit\u00e9s de participation au\nJeu et les modalit\u00e9s de d\u00e9signation des gagnants sont d\u00e9crites dans le pr\u00e9sent\nr\u00e8glement (ci-apr\u00e8s \u00ab le R\u00e8glement \u00bb).<br><\/p>\n\n\n\n<hr class=\"wp-block-separator\"\/>\n\n\n\n<p><strong>Article 2. LES DATES DU JEU\nCONCOURS<\/strong><\/p>\n\n\n\n<p>Le Jeu\nConcours se d\u00e9roule selon les dates suivantes&nbsp;:<\/p>\n\n\n\n<ul><li>Date de d\u00e9but du concours&nbsp;: vendredi 7\nf\u00e9vrier 2020 \u00e0 10h00<\/li><li>Date de fin du concours&nbsp;: samedi 8 f\u00e9vrier\n2020 \u00e0 18h00<\/li><li>Date de tirage au sort&nbsp;: lundi 17 f\u00e9vrier\n2020<\/li><li>Date de d\u00e9signation des gagnants&nbsp;: lundi 24\nf\u00e9vrier 2020<\/li><\/ul>\n\n\n\n<p>La\nSoci\u00e9t\u00e9 Organisatrice se r\u00e9serve le droit de reporter, de modifier, d\u2019annuler\nle Jeu Concours si les circonstances l\u2019exigent. En tout \u00e9tat de cause, sa\nresponsabilit\u00e9 ne saurait \u00eatre engag\u00e9e \u00e0 ce titre.<\/p>\n\n\n\n<hr class=\"wp-block-separator\"\/>\n\n\n\n<p><strong>Article 3. LES PARTICIPANTS<\/strong> <\/p>\n\n\n\n<p>Le Jeu Concours est ouvert \u00e0 toutes les personnes majeures (ci-apr\u00e8s les \u00ab&nbsp;Participants&nbsp;\u00bb), r\u00e9sidant en France m\u00e9tropolitaine (y compris la Corse), \u00e0 l\u2019exclusion des employ\u00e9s, des soci\u00e9t\u00e9s apparent\u00e9es, des sous-traitants, des soci\u00e9t\u00e9s partenaires ainsi que des membres de leur famille. Dans l\u2019hypoth\u00e8se o\u00f9 un Participant serait une personne physique mineure, il d\u00e9clare et reconna\u00eet qu\u2019il a recueilli l\u2019autorisation de participer aupr\u00e8s du (ou des) titulaire(s) de l\u2019autorit\u00e9 parentale le concernant et que le (ou les) titulaire(s) de l\u2019autorit\u00e9 parentale a (ont) accept\u00e9 d\u2019\u00eatre garant(s) du respect par le Participant de l\u2019ensemble des dispositions des pr\u00e9sentes. La participation au Jeu Concours implique l&rsquo;acceptation sans r\u00e9serve du R\u00e8glement dans son int\u00e9gralit\u00e9, ainsi que des lois et r\u00e8glements applicables aux jeux en vigueur en France. La Soci\u00e9t\u00e9 Organisatrice ne saurait en aucun cas \u00eatre tenue pour responsable de la participation d\u2019une personne domicili\u00e9e dans un pays autre que la France. La Soci\u00e9t\u00e9 Organisatrice se r\u00e9serve le droit de s\u00e9lectionner un autre gagnant d\u00e8s lors qu&rsquo;un Participant ne r\u00e9pond pas aux conditions \u00e9nonc\u00e9es au pr\u00e9sent article. La Soci\u00e9t\u00e9 Organisatrice attire l\u2019attention des Participants sur l\u2019exactitude des informations port\u00e9es \u00e0 sa connaissance par ces derniers et n\u00e9cessaires \u00e0 leur identification. <\/p>\n\n\n\n<hr class=\"wp-block-separator\"\/>\n\n\n\n<p><strong>Article 4. LES MODALIT\u00c9S DE\nPARTICIPATION<\/strong><\/p>\n\n\n\n<p><strong>4.1. Conditions de participation\nau Jeu Concours<\/strong><\/p>\n\n\n\n<p>Pour\nparticiper au Grand Jeu Concours Silver Alliance, il est n\u00e9cessaire de se\nprocurer un bulletin de participation. Le bulletin de participation est\nt\u00e9l\u00e9chargeable et imprimable sur le site <a href=\"https:\/\/www.silveralliance.fr\/\">www.silveralliance.fr<\/a>. Le\nbulletin de participation est \u00e9galement distribu\u00e9 par une h\u00f4tesse install\u00e9e \u00e0\nl\u2019entr\u00e9e du Forum des Seniors de Bretagne durant toute la dur\u00e9e de l\u2019\u00e9v\u00e9nement.\nLes Participants au Jeu Concours doivent remplir le bulletin de participation.\nPour ce faire, ils doivent indiquer leurs coordonn\u00e9es obligatoires (nom,\npr\u00e9nom, num\u00e9ro de t\u00e9l\u00e9phone), r\u00e9pondre sans exception aux 3 questions (une\nquestion ouverte et deux questions ferm\u00e9es \u00e0 choix unique) et accepter le\nr\u00e8glement du Jeu Concours. Les Participants doivent ensuite se rendre sur le\nstand de Silver Alliance (stand E23) pour d\u00e9poser leur bulletin de\nparticipation dans l\u2019urne pr\u00e9vue \u00e0 cet effet. <\/p>\n\n\n\n<p><strong>4.2. Conditions de validit\u00e9 de\nla participation au Jeu Concours<\/strong><\/p>\n\n\n\n<p>Pour que la participation soit valide, les informations inscrites par le Participant sur le bulletin ne doivent pas \u00eatre constitutives de contenu : <br>&#8211; \u00c0 caract\u00e8re diffamatoire, injurieux, raciste, religieux, pornographique, portant atteinte \u00e0 l\u2019ordre public ou aux bonnes m\u0153urs ;<br> &#8211; Constituant une violation de tout brevet, marque d\u00e9pos\u00e9e, dessin et mod\u00e8le d\u00e9pos\u00e9, droit de propri\u00e9t\u00e9 intellectuelle ou tout autre droit de propri\u00e9t\u00e9 appartenant \u00e0 autrui ; <br> &#8211; Portant atteinte \u00e0 la vie priv\u00e9e, au droit \u00e0 l\u2019image de tiers ; <br> &#8211; Et d\u2019une mani\u00e8re g\u00e9n\u00e9rale, contraire \u00e0 la r\u00e9glementation et \u00e0 la l\u00e9gislation en vigueur.<\/p>\n\n\n\n<p>La liste ci-dessus n\u2019est pas exhaustive. Les Participants sont inform\u00e9s que les donn\u00e9es fournies sont n\u00e9cessaires \u00e0 la prise en compte de leur participation et \u00e0 l&rsquo;attribution des dotations. Ainsi, toutes informations d\u2019identit\u00e9 ou de contact t\u00e9l\u00e9phonique qui se r\u00e9v\u00e9leraient inexactes emporteraient de plein droit la nullit\u00e9 de la participation au Jeu Concours et la Soci\u00e9t\u00e9 Organisatrice se r\u00e9serve le droit d\u2019\u00e9liminer du tirage au sort tout bulletin de participation qui ne respecterait pas le R\u00e8glement, notamment tout bulletin incomplet ou illisible. Les Participants sont par cons\u00e9quent invit\u00e9s \u00e0 s&rsquo;assurer de la validit\u00e9 de ces informations. <\/p>\n\n\n\n<p><strong>4.3.\nGarantie des Participants et absence de responsabilit\u00e9 de la Soci\u00e9t\u00e9\nOrganisatrice sur la validit\u00e9 de la participation au Jeu Concours<\/strong><\/p>\n\n\n\n<p>De fa\u00e7on g\u00e9n\u00e9rale, les Participants garantissent la Soci\u00e9t\u00e9 Organisatrice du Jeu Concours contre tous recours, actions ou r\u00e9clamations que pourraient former, \u00e0 un titre quelconque, tous tiers, au titre de toutes les garanties et engagements pris.<\/p>\n\n\n\n<p>Toute participation incompl\u00e8te ou erron\u00e9e sera rejet\u00e9e, sans que la responsabilit\u00e9 de la Soci\u00e9t\u00e9 Organisatrice puisse \u00eatre engag\u00e9e.  Toute d\u00e9claration mensong\u00e8re d\u2019un Participant entra\u00eenera son exclusion du Jeu Concours sans que la responsabilit\u00e9 de la Soci\u00e9t\u00e9 Organisatrice puisse \u00eatre engag\u00e9e. Ainsi, la Soci\u00e9t\u00e9 Organisatrice se r\u00e9serve le droit sans r\u00e9serve de mod\u00e9rer \u00e0 post\u00e9riori et de ne pas valider, voir exclure, supprimer du Jeu Concours, tout Participant qui ne respecterait pas une des conditions du R\u00e8glement. <\/p>\n\n\n\n<p><strong>4.4.\nTirage au sort<\/strong><\/p>\n\n\n\n<p>Les trente-trois (33) gagnants seront tir\u00e9s au sort parmi tous les Participants ayant obtenu les trois (3) bonnes r\u00e9ponses au Jeu Concours et seront d\u00e9sign\u00e9s gagnants par la Soci\u00e9t\u00e9 Organisatrice (ci-apr\u00e8s les \u00ab&nbsp;Gagnants&nbsp;\u00bb). Tout bulletin contenant une fausse d\u00e9claration ou une d\u00e9claration erron\u00e9e et\/ou incompl\u00e8te et\/ou ne respectant pas le R\u00e8glement, tir\u00e9 au sort sera consid\u00e9r\u00e9 comme nul et entra\u00eenera la d\u00e9signation d\u2019un autre Participant comme Gagnant par un nouveau tirage au sort. <\/p>\n\n\n\n<p>Une seule dotation pour une m\u00eame personne physique. Dans l\u2019hypoth\u00e8se o\u00f9 une m\u00eame personne physique aurait particip\u00e9 plusieurs fois au Jeu Concours et un deuxi\u00e8me bulletin de participation \u00e9tait tir\u00e9 au sort, sa participation au Jeu Concours sera consid\u00e9r\u00e9e comme nulle pour violation du R\u00e8glement et tous ses bulletins de participation seront exclus du Jeu Concours. <\/p>\n\n\n\n<hr class=\"wp-block-separator\"\/>\n\n\n\n<p><strong>Article 5. LES LOTS\/DOTATIONS<\/strong><\/p>\n\n\n\n<p><strong>5.1. D\u00e9signation et valeurs\ndes dotations\/lots<\/strong><\/p>\n\n\n\n<p>Toutes\nles dotations sont offertes par les membres de Silver Alliance pr\u00e9sentes au\nForum des Seniors de Bretagne. Pendant la p\u00e9riode de validit\u00e9 du Jeu Concours, trente-trois\n(33) lots sont mis en jeu, \u00e0 savoir :<\/p>\n\n\n\n<ul><li>2\ncasques audio TV sans fil Sennheiser RS 2000 (valeur : 199 \u20ac TTC l\u2019unit\u00e9)\nofferts par Audika. <\/li><li>1 smartphone\nDoro 8080 (valeur : 349 \u20ac TTC) offert par Doro.<\/li><li>3 maillots\nblanc \u00ab Paris-Nice 2019 \u00bb (1 maillot taille S, 1 maillot taille M et 1 maillot taille\nL) d\u00e9dicac\u00e9 par Bernard Hinault offerts par Easy Shower.<\/li><li>1 potager\nd&rsquo;int\u00e9rieur \u00e0 lampe de croissance horticole (valeur : 69 \u20ac TTC) offert par\nJardins Anim\u00e9s.<\/li><li>15 paniers\ngourmands offerts par Kibolt :<\/li><\/ul>\n\n\n\n<p>&#8211; 3 coffrets \u201cGrand mod\u00e8le\u201d (valeur : 24,90 \u20ac TTC)<br>&#8211; 4 coffrets \u201cMoyen mod\u00e8le\u201d (valeur : 13,50 \u20ac TTC)<br>&#8211; 5 coffrets \u201cPetit mod\u00e8le\u201d (valeur : 10,75 \u20ac TTC) <\/p>\n\n\n\n<ul><li>5 paires de lunettes solaires femme UV 400 de la marque Les Opticiens Mobiles \u00bb avec \u00e9tui et chamoisine (valeur : 20 \u20ac TTC l\u2019unit\u00e9) offertes par Les Opticiens Mobiles.<\/li><li>1 aspirateur balai ROWENTA Air Force Extr\u00eame Silence RH8920W0 (valeur : 179,99 \u20ac TTC) offert par O<sub>2.<\/sub><\/li><li>3 bouteilles de champagne (valeur : 30 \u20ac TTC l&rsquo;unit\u00e9) offertes par Senioriales.<\/li><li> 2 Wonderbox \u00ab&nbsp;Tables Gourmandes&nbsp;\u00bb (valeur&nbsp;: 59,90 \u20ac TTC l\u2019unit\u00e9) offertes par VITALIMMO.  <\/li><\/ul>\n\n\n\n<p> Il ne pourra en aucun cas \u00eatre demand\u00e9 la contre-valeur des lots en esp\u00e8ces ou sous toute autre forme. Si les circonstances l&rsquo;exigent, la Soci\u00e9t\u00e9 Organisatrice se r\u00e9serve le droit de remplacer les lots par d&rsquo;autres dotations de valeur \u00e9quivalente sans pr\u00e9avis. La valeur indiqu\u00e9e pour les lots correspond au prix TTC estim\u00e9 \u00e0 la date de r\u00e9daction du R\u00e8glement, elle est donn\u00e9e \u00e0 titre de simple indication et est susceptible de variation. <\/p>\n\n\n\n<p><strong>5.2. Modalit\u00e9s d\u2019attribution et de r\u00e9cup\u00e9ration des dotations\/lots<\/strong><\/p>\n\n\n\n<p>Les noms\ndes Gagnants seront affich\u00e9s dans un post sur la page Facebook de Silver\nAlliance. <\/p>\n\n\n\n<p>Les\nGagnants seront contact\u00e9s par la Soci\u00e9t\u00e9 Organisatrice par t\u00e9l\u00e9phone ou par\ne-mail afin d\u2019organiser avec eux l\u2019envoi des dotations. Avant la remise de son\nlot, le Gagnant devra remplir les conditions d\u00e9finies dans le R\u00e8glement et \u00eatre\nen mesure de justifier de son identit\u00e9 si la Soci\u00e9t\u00e9 Organisatrice le juge\nn\u00e9cessaire. Toute information communiqu\u00e9e par le Gagnant, notamment les\ncoordonn\u00e9es de celui-ci, sera consid\u00e9r\u00e9e comme nulle et ne sera pas prise en\nconsid\u00e9ration si elle comporte une inexactitude.<\/p>\n\n\n\n<p>Les Gagnants recevront leur lot par voie postale dans un d\u00e9lai de huit (8) semaines \u00e0 compter de cette date de prise de contact. En cas de num\u00e9ro de t\u00e9l\u00e9phone ou d\u2019adresse e-mail erron\u00e9s des Gagnants ou si les Gagnants ne r\u00e9pondent pas aux sollicitations par t\u00e9l\u00e9phone (trois (3) maximum) ou par e-mail (trois (3) maximum), les lots seront consid\u00e9r\u00e9s comme perdus et ne seront pas remis en jeu. \u00c0 d\u00e9faut d\u2019une acceptation et d\u2019une confirmation expresse de leur gain, et de leurs coordonn\u00e9es postales, au plus tard dans les 15 (quinze) jours \u00e0 compter de l\u2019annonce du nom des Gagnants sur la page Facebook de Silver Alliance ou du troisi\u00e8me (3<sup>\u00e8me<\/sup>) contact infructueux par e-mail ou par t\u00e9l\u00e9phone en fonction de l\u2019\u00e9v\u00e9nement qui intervient le plus tardivement, le silence des Gagnants vaudra renonciation pure et simple \u00e0 leurs lots, lesquels seront automatiquement perdus. Il appartiendra alors \u00e0 la Soci\u00e9t\u00e9 Organisatrice de d\u00e9cider si elle souhaite remettre en jeu les Lots non gagn\u00e9s lors d\u2019une autre op\u00e9ration, sans aucune obligation ni responsabilit\u00e9. La Soci\u00e9t\u00e9 Organisatrice ne pourra \u00eatre tenue responsable d&rsquo;\u00e9ventuels gr\u00e8ves, retards, erreurs, vols ou d\u00e9t\u00e9riorations des lots imputables aux services postaux dans leur livraison. La Soci\u00e9t\u00e9 Organisatrice ne saurait \u00eatre tenue pour responsable pour tous les incidents\/accidents pouvant survenir \u00e0 l\u2019occasion de l\u2019utilisation du lot. <br>En cas de contestations, seuls les listings des Participants de la Soci\u00e9t\u00e9 Organisatrice font foi. <\/p>\n\n\n\n<hr class=\"wp-block-separator\"\/>\n\n\n\n<p><strong>Article 6. COLLECTE\nD&rsquo;INFORMATIONS \u2013 LOI INFORMATIQUE ET LIBERT\u00c9S<\/strong><\/p>\n\n\n\n<p>Les\ndonn\u00e9es personnelles collect\u00e9es via les bulletins de participation font l\u2019objet\nd\u2019un traitement informatis\u00e9 et t\u00e9l\u00e9phonique op\u00e9r\u00e9 par Silver Alliance\nexclusivement pour permettre au Participant de participer au Jeu Concours. Le\nParticipant peut de surcro\u00eet avoir express\u00e9ment donn\u00e9 son consentement dans le\nbulletin de participation pour recevoir la lettre d\u2019information Silver Alliance\net accept\u00e9 le traitement de ses donn\u00e9es personnelles requis \u00e0 cette fin.<\/p>\n\n\n\n<p>Conform\u00e9ment\n\u00e0 la loi Informatique et Libert\u00e9s et au R\u00e8glement europ\u00e9en sur la Protection\ndes Donn\u00e9es Personnelles, les Participants b\u00e9n\u00e9ficient d\u2019un droit d\u2019acc\u00e8s,\nd\u2019interrogation, de mise \u00e0 jour, de rectification et d\u2019effacement de leurs\ndonn\u00e9es. Ils peuvent \u00e9galement s\u2019opposer, pour un motif l\u00e9gitime, \u00e0\nl\u2019utilisation de leurs donn\u00e9es. Eux-seuls peuvent exercer ces droits sur leurs\ndonn\u00e9es \u00e0 tout moment en \u00e9crivant \u00e0 <a href=\"mailto:donneesperso@silveralliance.fr\">donneesperso@silveralliance.fr<\/a> et en\njoignant la copie de leur pi\u00e8ce d\u2019identit\u00e9 sign\u00e9e. <\/p>\n\n\n\n<p>Les\nParticipants s\u2019\u00e9tant express\u00e9ment inscrit \u00e0 la lettre d\u2019information de Silver\nAlliance dans le bulletin de participation peuvent exercer leurs droits de la\nm\u00eame fa\u00e7on et dans les conditions mentionn\u00e9es dans les Conditions G\u00e9n\u00e9rales\nd\u2019Utilisation et la Politique de Confidentialit\u00e9\ndu site <a href=\"https:\/\/www.silveralliance.fr\/\">www.silveralliance.fr<\/a>. A tout instant, le Participant s\u2019\u00e9tant inscrit \u00e0 la\nlettre d\u2019information Silver Alliance peut se d\u00e9sinscrire de la liste de\ndistribution de la lettre d\u2019information en utilisant le lien de d\u00e9sinscription\npr\u00e9sent sur toute lettre d\u2019information SILVER ALLIANCE ou sur simple demande \u00e0\nl\u2019adresse suivante : 3 rue de l\u2019Arriv\u00e9e, Tour CIT, 75015 Paris ou par e-mail : <a href=\"mailto:donneesperso@silveralliance.fr\">donneesperso@silveralliance.fr<\/a>. <\/p>\n\n\n\n<hr class=\"wp-block-separator\"\/>\n\n\n\n<p><strong>Article 7. RESPONSABILIT\u00c9 \/ FORCE MAJEURE \/ PROLONGATION \/ ANNEXES<\/strong><\/p>\n\n\n\n<p>La Soci\u00e9t\u00e9 Organisatrice ne\npourrait \u00eatre tenue responsable d&rsquo;un pr\u00e9judice d&rsquo;aucune nature (personnelle,\nphysique, mat\u00e9rielle, financi\u00e8re ou autre) survenu \u00e0 l&rsquo;occasion de la\nparticipation d&rsquo;un Participant au Jeu Concours. La responsabilit\u00e9 de la Soci\u00e9t\u00e9\nOrganisatrice ne saurait \u00eatre encourue si un Participant oubliait de saisir ses\ncoordonn\u00e9es. <\/p>\n\n\n\n<p>La\nresponsabilit\u00e9 de la Soci\u00e9t\u00e9 Organisatrice ne saurait \u00eatre encourue si, pour un\ncas de force majeure ou ind\u00e9pendant de sa volont\u00e9, le Jeu Concours devait \u00eatre\nmodifi\u00e9, \u00e9court\u00e9 ou annul\u00e9. Des additifs, ou, en cas de force majeure, des\nmodifications de ce R\u00e8glement peuvent \u00e9ventuellement intervenir pendant le Jeu\nConcours. Ils seront consid\u00e9r\u00e9s comme des annexes au pr\u00e9sent R\u00e8glement et\npubli\u00e9s sur le site Internet de Silver Alliance \u00e0 l\u2019adresse suivante :\nhttp:\/\/vxcyhlr.cluster024.hosting.ovh.net\/silvera\/reglement-grand-jeu-concours-silver-alliance-forum-des-seniors-de-bretagne-2020\/<\/p>\n\n\n\n<p>La\nSoci\u00e9t\u00e9 Organisatrice se r\u00e9serve la facult\u00e9 d&rsquo;utiliser tout recours et\nnotamment de poursuivre en justice quiconque aurait trich\u00e9, fraud\u00e9, truqu\u00e9 ou\ntroubl\u00e9 les op\u00e9rations d\u00e9crites dans le R\u00e8glement, ou, aurait tent\u00e9 de le\nfaire. Tout participant au Jeu Concours qui serait consid\u00e9r\u00e9 par la Soci\u00e9t\u00e9\nOrganisatrice comme ayant troubl\u00e9 le Jeu Concours d\u2019une quelconque des mani\u00e8res\npr\u00e9cit\u00e9es, sera de plein droit d\u00e9chu de tout droit \u00e0 obtenir un quelconque lot\ngagnant, aucune r\u00e9clamation ne sera accept\u00e9e de ce fait.<\/p>\n\n\n\n<p>La\nSoci\u00e9t\u00e9 Organisatrice se r\u00e9serve le droit, notamment en cas de raison\nimp\u00e9rieuse, d&rsquo;\u00e9courter, de prolonger ou d&rsquo;annuler le Jeu Concours, en partie ou\ndans son ensemble, si les circonstances l&rsquo;exigeaient. Sa responsabilit\u00e9 ne\nsaurait \u00eatre engag\u00e9e de ce fait. Ces changements pourront faire toutefois\nl&rsquo;objet d&rsquo;une information pr\u00e9alable par tous les moyens appropri\u00e9s, notamment\nvia le site Internet de la Soci\u00e9t\u00e9 Organisatrice.<\/p>\n\n\n\n<p>La\nSoci\u00e9t\u00e9 Organisatrice se r\u00e9serve la possibilit\u00e9 de suspendre momentan\u00e9ment le\nJeu Concours si elle ne peut plus assurer la continuit\u00e9 du service n\u00e9cessaire \u00e0\nson d\u00e9roulement. <\/p>\n\n\n\n<hr class=\"wp-block-separator\"\/>\n\n\n\n<p><strong>Article 8. R\u00c9CLAMATIONS<\/strong><\/p>\n\n\n\n<p>Toute\ncontestation ou r\u00e9clamation \u00e0 ce Jeu Concours ne sera prise en compte que si\nelle est adress\u00e9e avant le 8 mars 2020 (soit un (1) mois apr\u00e8s la fin du Jeu)\nle cachet de la poste faisant foi. Toute contestation ou r\u00e9clamation devra \u00eatre\nformul\u00e9e par lettre simple adress\u00e9e \u00e0 Soci\u00e9t\u00e9 Organisatrice dont les\ncoordonn\u00e9es sont&nbsp;: 3 rue de l\u2019Arriv\u00e9e, Tour CIT, 75015 Paris. Cette lettre\ndevra indiquer la date pr\u00e9cise de participation au Jeu Concours, les\ncoordonn\u00e9es compl\u00e8tes du Participant et le motif exact de la contestation.\nAucun autre mode de contestation ou de r\u00e9clamation ne pourra \u00eatre pris en\ncompte. La Soci\u00e9t\u00e9 Organisatrice sera seule souveraine pour trancher toute\nquestion d&rsquo;application ou d&rsquo;interpr\u00e9tation du r\u00e8glement ou en cas de lacune de\ncelui-ci \u00e0 l&rsquo;occasion du d\u00e9roulement du Jeu Concours.<\/p>\n\n\n\n<hr class=\"wp-block-separator\"\/>\n\n\n\n<p><strong>Article 9. ACCEPTATION DU\nREGLEMENT <\/strong><\/p>\n\n\n\n<p>La\nparticipation au Jeu Concours implique l&rsquo;acceptation pleine et enti\u00e8re du\npr\u00e9sent R\u00e8glement. Toutes les difficult\u00e9s pratiques d&rsquo;interpr\u00e9tation ou\nd&rsquo;application du pr\u00e9sent r\u00e8glement seront tranch\u00e9es souverainement par la\nSoci\u00e9t\u00e9 Organisatrice. Il ne sera r\u00e9pondu \u00e0 aucune demande t\u00e9l\u00e9phonique ou\n\u00e9crite concernant l&rsquo;interpr\u00e9tation ou l&rsquo;application du pr\u00e9sent R\u00e8glement, les\nm\u00e9canismes ou les modalit\u00e9s du Jeu Concours ainsi que sur la d\u00e9signation des\nGagnants.<\/p>\n\n\n\n<hr class=\"wp-block-separator\"\/>\n\n\n\n<p><strong>Article 10. LOI APPLICABLE<\/strong><\/p>\n\n\n\n<p>Le\nR\u00e8glement est exclusivement r\u00e9gi par la loi fran\u00e7aise notamment pour tout\nlitige qui viendrait \u00e0 na\u00eetre du fait du Jeu Concours ou qui serait directement\nou indirectement li\u00e9 \u00e0 celui-ci, ce sans pr\u00e9judice des \u00e9ventuelles r\u00e8gles de\nconflits de lois pouvant exister. Pour tout litige entre les parties, les\nr\u00e8gles de comp\u00e9tence l\u00e9gale s\u2019appliqueront. Le Jeu Concours, le R\u00e8glement et\nson interpr\u00e9tation sont soumis \u00e0 la loi fran\u00e7aise.<\/p>\n\n\n\n<hr class=\"wp-block-separator\"\/>\n\n\n\n<p><strong>Article 11. CONSULTATION DU\nREGLEMENT DE JEU<\/strong><\/p>\n\n\n\n<p>Le r\u00e8glement est consultable sur le site <a href=\"https:\/\/www.silveralliance.fr\/\">www.silveralliance.fr<\/a><\/p>\n\n\n\n<p>Le r\u00e8glement du Jeu Concours est d\u00e9pos\u00e9 via <a href=\"https:\/\/www.reglementdejeu.com\/\">Reglementdejeu.com<\/a> \u00e0 la SELARL ACTA &#8211; PIERSON et ASSOCIES titulaire d&rsquo;un office d&rsquo;huissier de justice domicili\u00e9e 15 rue de Sarre BP 15126 57074 METZ Cedex 3. Il peut \u00eatre adress\u00e9 \u00e0 titre gratuit \u00e0 toute personne qui en fait la demande aupr\u00e8s de la soci\u00e9t\u00e9 organisatrice.<\/p>\n\n\n\n<p>La\nSoci\u00e9t\u00e9 Organisatrice se r\u00e9serve le droit de prolonger, \u00e9courter, modifier ou\nannuler son op\u00e9ration \u00e0 tout moment, notamment en cas de force majeure, sans\nqu&rsquo;il puisse \u00eatre pr\u00e9tendu \u00e0 aucune indemnit\u00e9 par les participants. Le\nr\u00e8glement modifi\u00e9 par avenant(s), sera d\u00e9pos\u00e9, le cas \u00e9ch\u00e9ant \u00e0 la SELARL ACTA\n&#8211; PIERSON et ASSOCIES titulaire d&rsquo;un office d&rsquo;huissier de justice domicili\u00e9e 15\nrue de Sarre BP 15126 57074 METZ Cedex 3.<\/p>\n\n\n\n<p><a href=\"#_ftnref1\">[1]<\/a> Audika, Alogia Groupe,\nBluelinea, CetteFamille, Cogelec, Doro, Easy Shower, Ernesti, Giphar, happytal,\niZi Family, Jardins Anim\u00e9s, Les Opticiens Mobiles, Nutrisens, O2 Care Services,\nPapyhappy, Senioriales, Sidebag, Sph\u00e8re-Sant\u00e9, thyssenkrupp Home Solutions,\nVitalimmo.<\/p>\n","protected":false},"excerpt":{"rendered":"<p>Article 1. LA SOCI\u00c9T\u00c9 ORGANISATRICE La soci\u00e9t\u00e9 Silver Alliance, compos\u00e9e de 21 marques de r\u00e9f\u00e9rence[1], immatricul\u00e9e au Registre du Commerce et des Soci\u00e9t\u00e9s sous le num\u00e9ro 839 664 901 et dont le si\u00e8ge social se trouve 15 rue Edgar Brandt &#8211; 72000 Le Mans (ci-apr\u00e8s \u00ab la Soci\u00e9t\u00e9 Organisatrice \u00bb) organise \u00e0 l\u2019occasion du Forum [&hellip;]<\/p>\n","protected":false},"author":9,"featured_media":0,"parent":0,"menu_order":0,"comment_status":"closed","ping_status":"closed","template":"","meta":[],"_links":{"self":[{"href":"http:\/\/vxcyhlr.cluster024.hosting.ovh.net\/silvera\/wp-json\/wp\/v2\/pages\/3862"}],"collection":[{"href":"http:\/\/vxcyhlr.cluster024.hosting.ovh.net\/silvera\/wp-json\/wp\/v2\/pages"}],"about":[{"href":"http:\/\/vxcyhlr.cluster024.hosting.ovh.net\/silvera\/wp-json\/wp\/v2\/types\/page"}],"author":[{"embeddable":true,"href":"http:\/\/vxcyhlr.cluster024.hosting.ovh.net\/silvera\/wp-json\/wp\/v2\/users\/9"}],"replies":[{"embeddable":true,"href":"http:\/\/vxcyhlr.cluster024.hosting.ovh.net\/silvera\/wp-json\/wp\/v2\/comments?post=3862"}],"version-history":[{"count":5,"href":"http:\/\/vxcyhlr.cluster024.hosting.ovh.net\/silvera\/wp-json\/wp\/v2\/pages\/3862\/revisions"}],"predecessor-version":[{"id":3954,"href":"http:\/\/vxcyhlr.cluster024.hosting.ovh.net\/silvera\/wp-json\/wp\/v2\/pages\/3862\/revisions\/3954"}],"wp:attachment":[{"href":"http:\/\/vxcyhlr.cluster024.hosting.ovh.net\/silvera\/wp-json\/wp\/v2\/media?parent=3862"}],"curies":[{"name":"wp","href":"https:\/\/api.w.org\/{rel}","templated":true}]}}