{"id":4686,"date":"2020-06-17T14:31:30","date_gmt":"2020-06-17T12:31:30","guid":{"rendered":"http:\/\/vxcyhlr.cluster024.hosting.ovh.net\/silvera\/?page_id=4686"},"modified":"2021-07-21T14:33:05","modified_gmt":"2021-07-21T12:33:05","slug":"guide-pour-bien-vivre-et-bien-vieillir-chez-soi","status":"publish","type":"page","link":"http:\/\/vxcyhlr.cluster024.hosting.ovh.net\/silvera\/guide-pour-bien-vivre-et-bien-vieillir-chez-soi\/","title":{"rendered":"Le guide pour bien vivre et bien vieillir chez soi"},"content":{"rendered":"\n<p>Dans l\u2019objectif de r\u00e9pondre aux probl\u00e9matiques r\u00e9elles des seniors et de leurs familles, Silver Alliance vous propose <strong>un guide pour bien vivre et bien vieillir chez soi<\/strong>. R\u00e9dig\u00e9 par une \u00e9quipe d\u2019experts en g\u00e9rontologie, il offre aux personnes \u00e2g\u00e9es une mine d\u2019informations, en r\u00e9pertoriant notamment l\u2019ensemble des solutions d\u00e9di\u00e9es au vieillissement r\u00e9ussi.<\/p>\n\n\n\n<p>Comment profiter de son temps \u00e0 la retraite&nbsp;? Comment bien vivre \u00e0 domicile et am\u00e9nager son logement&nbsp;? De quelles fa\u00e7ons veiller efficacement sur sa sant\u00e9&nbsp;et pr\u00e9venir les troubles li\u00e9s au vieillissement ? Par quels biais augmenter son pouvoir d\u2019achat&nbsp;et se simplifier la vie administrative ? Autant de questions auxquelles ce guide du bien vieillir \u00e0 domicile r\u00e9pond.<\/p>\n\n\n\n<iframe loading=\"lazy\" src=\"\/\/v.calameo.com\/?bkcode=006758298a42528227555\" width=\"100%\" height=\"800\" frameborder=\"0\" scrolling=\"no\" allowtransparency=\"\" allowfullscreen=\"\" style=\"margin:0 auto;\"><\/iframe>\n\n\n\n<div style=\"height:51px\" aria-hidden=\"true\" class=\"wp-block-spacer\"><\/div>\n\n\n\n<h2>Bien vieillir chez soi&nbsp;: un souhait pl\u00e9biscit\u00e9 par de nombreux seniors<\/h2>\n\n\n\n<p>Alors que la perte d\u2019autonomie est au c\u0153ur des pr\u00e9occupations des Fran\u00e7ais, <strong>rester vivre \u00e0 domicile est devenu un enjeu de taille<\/strong>. En effet, il s\u2019agit de l\u2019option pl\u00e9biscit\u00e9e par 9 seniors sur 10. Toutefois, cela n\u2019est pas toujours \u00e9vident, en particulier lorsque les personnes \u00e2g\u00e9es doivent faire face \u00e0 diff\u00e9rentes pathologies li\u00e9es \u00e0 l\u2019\u00e2ge. Pour <strong>assurer leur maintien \u00e0 domicile dans les meilleures conditions possibles<\/strong>, les seniors doivent entre autres surveiller leur sant\u00e9 en allant r\u00e9guli\u00e8rement consulter leur m\u00e9decin traitant et en proc\u00e9dant \u00e0 des tests de d\u00e9pistage, mais ils doivent \u00e9galement anticiper leur perte d\u2019autonomie.<\/p>\n\n\n\n<p>Il peut s\u2019agir d\u2019adopter une bonne hygi\u00e8ne de vie, d\u2019<a href=\"https:\/\/www.silveralliance.com\/conseils\/adaptation-du-logement-du-mobilier-senior-adapte-a-tous-les-besoins\/\">am\u00e9nager l\u2019int\u00e9rieur de son domicile<\/a> afin de limiter le risque de chute, d\u2019<a href=\"https:\/\/www.silveralliance.com\/conseils\/perte-dappetit-chez-les-personnes-agees-comment-y-remedier-2\/\">adapter son alimentation<\/a>, de pratiquer une activit\u00e9 physique adapt\u00e9e pour entretenir son corps, de s\u2019\u00e9quiper d\u2019aides techniques et technologiques ou encore de s\u2019entourer des bonnes personnes (<a href=\"https:\/\/www.silveralliance.com\/conseils\/les-aidants-ces-heros-de-lombre\/\">aidants familiaux<\/a>, auxiliaires de vie, <a href=\"https:\/\/www.silveralliance.com\/conseils\/se-faire-soigner-par-une-infirmiere-a-domicile\/\">infirmi\u00e8res \u00e0 domicile<\/a>, dames de compagnie, <a href=\"https:\/\/www.silveralliance.com\/conseils\/garde-de-nuit-a-domicile-pour-prendre-soin-d-un-proche-fragilise\/\">gardes de nuit<\/a>, etc.). Il ne faut pas non plus laisser de c\u00f4t\u00e9 l\u2019aspect social et affectif. Continuer \u00e0 faire des rencontres \u00e0 la retraite, \u00e0 voir sa famille et \u00e0 s\u2019adonner \u00e0 ses loisirs sont autant d\u2019opportunit\u00e9s de pr\u00e9server son \u00e9quilibre intellectuel et \u00e9motionnel.<\/p>\n\n\n\n<h2>Un guide d\u00e9di\u00e9 au maintien \u00e0 domicile des personnes \u00e2g\u00e9es<\/h2>\n\n\n\n<p><strong>R\u00e9f\u00e9rencer les meilleures solutions pour permettre aux personnes \u00e2g\u00e9es de vivre \u00e0 domicile le plus longtemps possible<\/strong>, telle est justement la mission de <a href=\"https:\/\/www.silveralliance.com\/qui-sommes-nous\/\">Silver Alliance<\/a>, premi\u00e8re alliance de marques du bien vieillir \u00e0 domicile. Comme l\u2019explique Benjamin Zimmer,&nbsp;Directeur D\u00e9l\u00e9gu\u00e9 Associ\u00e9 de Silver Alliance : <em>\u00ab&nbsp;Nous souhaitons apporter aux plus de 60 ans et \u00e0 leur entourage une information claire sur des solutions qui ont fait leur preuve avec des supports de communication adapt\u00e9s \u00e0 leurs usages, simples et d\u00e9sirables&nbsp;\u00bb.<\/em><\/p>\n\n\n\n<p>Cela passe par plusieurs biais, \u00e0 l\u2019instar de l\u2019\u00e9dition d\u2019un guide d\u00e9di\u00e9 au maintien \u00e0 domicile des personnes \u00e2g\u00e9es.<\/p>\n\n\n\n<h2>Un guide qui r\u00e9f\u00e9rence les meilleurs produits et services pour bien vieillir \u00e0 domicile<\/h2>\n\n\n\n<p>Ce guide r\u00e9f\u00e9rence les meilleurs produits et services pour rester vivre \u00e0 domicile le plus longtemps possible. Silver Alliance identifie pour ce faire de jeunes entreprises ou de grands groupes qui contribuent, chaque jour, \u00e0 la qualit\u00e9 de vie de nos a\u00een\u00e9s. Le but est d\u2019<strong>offrir \u00e0 tout un chacun des solutions de confiance pour bien vivre et bien vieillir chez soi.<\/strong><\/p>\n\n\n\n<h2>Une nouvelle \u00e9dition chaque semestre<\/h2>\n\n\n\n<p>Une nouvelle \u00e9dition du <strong>guide pour bien vivre et bien vieillir \u00e0 domicile<\/strong> est \u00e9dit\u00e9e chaque semestre. Chacune d\u2019elles concr\u00e9tise le travail de Silver Alliance, consistant \u00e0 identifier et \u00e0 <strong>recenser les solutions les plus pertinentes pour bien vieillir \u00e0 domicile.<\/strong><\/p>\n\n\n\n<p>Les produits et services r\u00e9f\u00e9renc\u00e9s par l\u2019alliance sont tous compl\u00e9mentaires les uns aux autres et permettent, ensemble, d\u2019envisager de rester vivre chez soi en toute s\u00e9curit\u00e9. Ils apportent <strong>une r\u00e9ponse globale aux enjeux du vieillissement de la population, pour une transition d\u00e9mographique r\u00e9ussie<\/strong>. Ce guide r\u00e9pond par ailleurs \u00e0 la probl\u00e9matique selon laquelle l\u2019information d\u00e9di\u00e9e au bien vieillir est trop \u00e9parpill\u00e9e en se positionnant comme un support clair et lisible pour trouver des r\u00e9ponses \u00e0 ses probl\u00e8mes du quotidien. <\/p>\n\n\n\n<h2>Deux formats pour toujours plus de plaisir<\/h2>\n\n\n\n<p><strong>Le guide pour bien vivre et bien vieillir chez soi est consultable en ligne<\/strong> sur le site Internet de Silver Alliance. Vous pr\u00e9f\u00e9rez consulter les produits et services pour bien vieillir \u00e0 domicile \u00e0 travers <strong>un guide papier<\/strong> ? Ce guide est disponible partout en France, dans plus de 3 000 agences membres de Silver Alliance (centres Audika, agences O2, pharmacies Giphar\u2026). Vous pouvez \u00e9galement recevoir gratuitement le guide pour bien vivre et bien vieillir chez soi chez vous. .<\/p>\n\n\n\n<div class=\"wp-container-1 wp-block-buttons is-content-justification-center\">\n<div class=\"wp-block-button guide\"><a class=\"wp-block-button__link\" href=\"http:\/\/vxcyhlr.cluster024.hosting.ovh.net\/silvera\/contact\/\">Commander un guide papier<\/a><\/div>\n<\/div>\n\n\n\n<p><\/p>\n","protected":false},"excerpt":{"rendered":"<p>Dans l\u2019objectif de r\u00e9pondre aux probl\u00e9matiques r\u00e9elles des seniors et de leurs familles, Silver Alliance vous propose un guide pour bien vivre et bien vieillir chez soi. R\u00e9dig\u00e9 par une \u00e9quipe d\u2019experts en g\u00e9rontologie, il offre aux personnes \u00e2g\u00e9es une mine d\u2019informations, en r\u00e9pertoriant notamment l\u2019ensemble des solutions d\u00e9di\u00e9es au vieillissement r\u00e9ussi. Comment profiter de [&hellip;]<\/p>\n","protected":false},"author":9,"featured_media":8665,"parent":0,"menu_order":0,"comment_status":"closed","ping_status":"closed","template":"","meta":[],"_links":{"self":[{"href":"http:\/\/vxcyhlr.cluster024.hosting.ovh.net\/silvera\/wp-json\/wp\/v2\/pages\/4686"}],"collection":[{"href":"http:\/\/vxcyhlr.cluster024.hosting.ovh.net\/silvera\/wp-json\/wp\/v2\/pages"}],"about":[{"href":"http:\/\/vxcyhlr.cluster024.hosting.ovh.net\/silvera\/wp-json\/wp\/v2\/types\/page"}],"author":[{"embeddable":true,"href":"http:\/\/vxcyhlr.cluster024.hosting.ovh.net\/silvera\/wp-json\/wp\/v2\/users\/9"}],"replies":[{"embeddable":true,"href":"http:\/\/vxcyhlr.cluster024.hosting.ovh.net\/silvera\/wp-json\/wp\/v2\/comments?post=4686"}],"version-history":[{"count":64,"href":"http:\/\/vxcyhlr.cluster024.hosting.ovh.net\/silvera\/wp-json\/wp\/v2\/pages\/4686\/revisions"}],"predecessor-version":[{"id":8661,"href":"http:\/\/vxcyhlr.cluster024.hosting.ovh.net\/silvera\/wp-json\/wp\/v2\/pages\/4686\/revisions\/8661"}],"wp:featuredmedia":[{"embeddable":true,"href":"http:\/\/vxcyhlr.cluster024.hosting.ovh.net\/silvera\/wp-json\/wp\/v2\/media\/8665"}],"wp:attachment":[{"href":"http:\/\/vxcyhlr.cluster024.hosting.ovh.net\/silvera\/wp-json\/wp\/v2\/media?parent=4686"}],"curies":[{"name":"wp","href":"https:\/\/api.w.org\/{rel}","templated":true}]}}