{"id":5730,"date":"2020-09-08T09:44:29","date_gmt":"2020-09-08T07:44:29","guid":{"rendered":"http:\/\/vxcyhlr.cluster024.hosting.ovh.net\/silvera\/?page_id=5730"},"modified":"2021-07-21T14:34:54","modified_gmt":"2021-07-21T12:34:54","slug":"entreprises-accelerees-par-silver-alliance","status":"publish","type":"page","link":"http:\/\/vxcyhlr.cluster024.hosting.ovh.net\/silvera\/entreprises-accelerees-par-silver-alliance\/","title":{"rendered":"Les entreprises acc\u00e9l\u00e9r\u00e9es par Silver Alliance"},"content":{"rendered":"\n<p class=\"has-text-align-center\">Chez Silver Alliance, nous recherchons chaque jour des <strong>solutions pour bien vivre et bien vieillir chez soi<\/strong>. Nous identifions donc souvent de jeunes entreprises aux solutions prometteuses. Convaincus qu\u2019elles vous apporteront de nouveaux b\u00e9n\u00e9fices, nous nous engageons \u00e0 accompagner leur d\u00e9veloppement. Ce semestre, quatre jeunes pousses sont \u00e0 l\u2019honneur !<\/p>\n\n\n\n<p class=\"has-text-align-center\"><code>.<\/code><\/p>\n\n\n\n<div class=\"wp-block-image\"><figure class=\"aligncenter size-large is-resized\"><img loading=\"lazy\" src=\"http:\/\/vxcyhlr.cluster024.hosting.ovh.net\/silvera\/wp-content\/uploads\/2021\/01\/Deux-minutes-ensemble-logo.png\" alt=\"\" class=\"wp-image-6816\" width=\"198\" height=\"80\" srcset=\"http:\/\/vxcyhlr.cluster024.hosting.ovh.net\/silvera\/wp-content\/uploads\/2021\/01\/Deux-minutes-ensemble-logo.png 790w, http:\/\/vxcyhlr.cluster024.hosting.ovh.net\/silvera\/wp-content\/uploads\/2021\/01\/Deux-minutes-ensemble-logo-300x121.png 300w, http:\/\/vxcyhlr.cluster024.hosting.ovh.net\/silvera\/wp-content\/uploads\/2021\/01\/Deux-minutes-ensemble-logo-768x310.png 768w\" sizes=\"(max-width: 198px) 100vw, 198px\" \/><\/figure><\/div>\n\n\n\n<h2 class=\"has-text-align-center\">Un jeu pour favoriser le lien entre les g\u00e9n\u00e9rations<\/h2>\n\n\n\n<p class=\"has-text-align-left\"><strong>2 minutes ensemble !<\/strong> est un jeu pour tous, de 7 \u00e0 117 ans, pour vivre un moment de qualit\u00e9 avec son entourage ! Chacune des 52 cartes, compos\u00e9e d&rsquo;une phrase simple et concr\u00e8te permet d&rsquo;<strong>engager un dialogue bienveillant et un partage d\u2019exp\u00e9rience<\/strong> (ex : Je raconte\u2026une b\u00eatise de mon enfance). C\u2019est une aventure humaine o\u00f9 chacun, \u00e0 tour de r\u00f4le, raconte ses souvenirs, fait appel \u00e0 sa m\u00e9moire et se recentre sur les joies de sa vie. Scientifiquement, il est prouv\u00e9 que ces interactions sociales positives permettent de <strong>renforcer les liens interg\u00e9n\u00e9rationnels<\/strong> et sont vecteurs de bien-\u00eatre.<br><br>Rapha\u00eblle de Foucauld, Cr\u00e9atrice du jeu 2 minutes ensemble ! : <em><em>\u00ab&nbsp;2 minutes ensemble est un outil d\u2019intelligence \u00e9motionnelle construit sur les principes de la psychologie positive. C&rsquo;est le seul outil sur ce march\u00e9 \u00e0 permettre de faciliter un lien social, \u00e0 d\u00e9fendre une \u00e9cologie relationnelle et ce, toujours autour des sujets positifs et ludique. \u00bb<\/em> <\/em><br><br><b>Pour en savoir plus : <a href=\"https:\/\/www.2minutesdebonheur.com\/\" target=\"_blank\" rel=\"noreferrer noopener nofollow\">www.2minutesdebonheur.com<\/a><\/b><\/p>\n\n\n\n<hr class=\"wp-block-separator\"\/>\n\n\n\n<div class=\"wp-block-image\"><figure class=\"aligncenter size-large is-resized\"><img loading=\"lazy\" src=\"http:\/\/vxcyhlr.cluster024.hosting.ovh.net\/silvera\/wp-content\/uploads\/2021\/07\/Colette-logo-horizontal.png\" alt=\"Colette logo\" class=\"wp-image-8387\" width=\"212\" height=\"138\" srcset=\"http:\/\/vxcyhlr.cluster024.hosting.ovh.net\/silvera\/wp-content\/uploads\/2021\/07\/Colette-logo-horizontal.png 424w, http:\/\/vxcyhlr.cluster024.hosting.ovh.net\/silvera\/wp-content\/uploads\/2021\/07\/Colette-logo-horizontal-300x195.png 300w\" sizes=\"(max-width: 212px) 100vw, 212px\" \/><\/figure><\/div>\n\n\n\n<h2 class=\"has-text-align-center\">La location d\u2019une chambre libre \u00e0 un \u00e9tudiant<\/h2>\n\n\n\n<p class=\"has-text-align-left\">Colette propose aux seniors de&nbsp;<strong>louer une chambre libre \u00e0 un \u00e9tudiant \u00e0 la recherche d\u2019un logement<\/strong>&nbsp;pour tisser des liens interg\u00e9n\u00e9rationnels et&nbsp;<strong>g\u00e9n\u00e9rer un compl\u00e9ment de revenus<\/strong>. Colette accompagne le bin\u00f4me dans toutes ses d\u00e9marches administratives : contrat de cohabitation, assurances\u2026<\/p>\n\n\n\n<p class=\"has-text-align-left\">Matthieu Vaxelaire, Co-fondateur et CEO de Colette :&nbsp;<em><em>\u00ab Notre ambition en tant que membre de la Silver Alliance est de faire conna\u00eetre la cohabitation interg\u00e9n\u00e9rationnelle au plus grand nombre et de permettre \u00e0 un maximum de 60 ans et plus d\u2019adopter ce mode de logement vertueux pour b\u00e9n\u00e9ficier de la pr\u00e9sence d\u2019un jeune au quotidien, tout en g\u00e9n\u00e9rant des revenus compl\u00e9mentaires. Ce partenariat avec Silver Alliance va nous permettre d\u2019aider les seniors \u00e0 vivre plus longtemps, et dans les meilleures conditions, \u00e0 la maison. \u00bb<\/em><\/em><\/p>\n\n\n\n<p class=\"has-text-align-left\"><b>Pour en savoir plus :&nbsp;<a href=\"https:\/\/www.colette.club\/\" target=\"_blank\" rel=\"noreferrer noopener nofollow\">www.colette.club<\/a><\/b><br><\/p>\n\n\n\n<hr class=\"wp-block-separator\"\/>\n\n\n\n<div class=\"wp-block-image\"><figure class=\"aligncenter size-large is-resized\"><img loading=\"lazy\" src=\"http:\/\/vxcyhlr.cluster024.hosting.ovh.net\/silvera\/wp-content\/uploads\/2021\/01\/EzyGain-Logo-1-1024x1024.png\" alt=\"\" class=\"wp-image-6817\" width=\"130\" height=\"130\" srcset=\"http:\/\/vxcyhlr.cluster024.hosting.ovh.net\/silvera\/wp-content\/uploads\/2021\/01\/EzyGain-Logo-1-1024x1024.png 1024w, http:\/\/vxcyhlr.cluster024.hosting.ovh.net\/silvera\/wp-content\/uploads\/2021\/01\/EzyGain-Logo-1-300x300.png 300w, http:\/\/vxcyhlr.cluster024.hosting.ovh.net\/silvera\/wp-content\/uploads\/2021\/01\/EzyGain-Logo-1-150x150.png 150w, http:\/\/vxcyhlr.cluster024.hosting.ovh.net\/silvera\/wp-content\/uploads\/2021\/01\/EzyGain-Logo-1-768x768.png 768w, http:\/\/vxcyhlr.cluster024.hosting.ovh.net\/silvera\/wp-content\/uploads\/2021\/01\/EzyGain-Logo-1.png 1312w\" sizes=\"(max-width: 130px) 100vw, 130px\" \/><\/figure><\/div>\n\n\n\n<h2 class=\"has-text-align-center\">Un dispositif de r\u00e9\u00e9ducation et d\u2019entrainement de la marche et de l\u2019\u00e9quilibre<\/h2>\n\n\n\n<p class=\"has-text-align-left\"><strong>ezyGain<\/strong> a d\u00e9velopp\u00e9 ema\u00ae, un tapis roulant intelligent de <strong>r\u00e9\u00e9ducation de la marche<\/strong>. Ce dispositif, compact et facile \u00e0 d\u00e9placer par les aidants, permet aux personnes \u00e2g\u00e9es de pratiquer une <strong>activit\u00e9 physique r\u00e9guli\u00e8re et s\u00e9curis\u00e9e \u00e0 domicile<\/strong>, sans risque de chute. Ce dispositif int\u00e8gre des exercices ludiques pour stimuler davantage les fonctions cognitives de l\u2019utilisateur.<\/p>\n\n\n\n<p class=\"has-text-align-left\">Zineb Agoumi, CEO de ezyGain : \u00ab<em>&nbsp;Nous sommes fiers de rejoindre Silver Alliance et d\u2019apporter notre contribution au bien vieillir \u00e0 domicile. Pouvoir rester \u00e0 son domicile en poursuivant une activit\u00e9 physique s\u00e9curis\u00e9e, ludique et sans risque de chute, est vital. Nous avons h\u00e2te de cr\u00e9er des synergies avec l&rsquo;ensemble de nos alli\u00e9s et de leur proposer notre offre. \u00bb<\/em><br><br><b>Pour en savoir plus&nbsp;: <a href=\"https:\/\/www.ezygain.com\/\" target=\"_blank\" rel=\"noreferrer noopener nofollow\">www.ezygain.com<\/a><\/b><\/p>\n\n\n\n<hr class=\"wp-block-separator\"\/>\n\n\n\n<h2 class=\"has-text-align-center\">Une assurance pour l\u2019avenir de son animal<\/h2>\n\n\n\n<p>L\u2019assurance Vicanis Tranquillit\u00e9 permet d\u2019<strong>anticiper la prise en charge de son animal de compagnie en cas de d\u00e9c\u00e8s<\/strong>, invalidit\u00e9 ou d\u00e9pendance totale. L\u2019animal de compagnie est alors accompagn\u00e9, int\u00e9gr\u00e9 et suivi dans l\u2019une des r\u00e9sidences haut de gamme Vicanis jusqu\u2019\u00e0 la fin de sa vie.<\/p>\n\n\n\n<p>Omer Bourret, CEO de Vicanis : \u00ab<em>&nbsp;Chez Vicanis, nous nous engageons dans une d\u00e9marche globale du bien vieillir, du mieux vieillir en apportant une solution \u00e0 tous les s\u00e9niors d\u00e9sireux d\u2019avoir un chien et ainsi b\u00e9n\u00e9ficier de tous les avantages de sa pr\u00e9sence. Les valeurs et la philosophie de la Silver Alliance correspondent \u00e0 notre engagement et \u00e0 la mission que nous souhaitons effectuer. C\u2019est pourquoi, avec Silver Alliance, nous souhaitons nous appuyer sur l\u2019expertise des diff\u00e9rents acteurs et b\u00e9n\u00e9ficier du savoir-faire de ces membres. \u00bb<\/em><br><br><b>Pour en savoir plus&nbsp;:&nbsp;<a href=\"https:\/\/www.vicanis.com\/\" target=\"_blank\" rel=\"noreferrer noopener nofollow\">www.vicanis.com<\/a><\/b><\/p>\n","protected":false},"excerpt":{"rendered":"<p>Chez Silver Alliance, nous recherchons chaque jour des solutions pour bien vivre et bien vieillir chez soi. Nous identifions donc souvent de jeunes entreprises aux solutions prometteuses. Convaincus qu\u2019elles vous apporteront de nouveaux b\u00e9n\u00e9fices, nous nous engageons \u00e0 accompagner leur d\u00e9veloppement. Ce semestre, quatre jeunes pousses sont \u00e0 l\u2019honneur ! . Un jeu pour favoriser [&hellip;]<\/p>\n","protected":false},"author":9,"featured_media":3628,"parent":0,"menu_order":0,"comment_status":"closed","ping_status":"closed","template":"","meta":[],"_links":{"self":[{"href":"http:\/\/vxcyhlr.cluster024.hosting.ovh.net\/silvera\/wp-json\/wp\/v2\/pages\/5730"}],"collection":[{"href":"http:\/\/vxcyhlr.cluster024.hosting.ovh.net\/silvera\/wp-json\/wp\/v2\/pages"}],"about":[{"href":"http:\/\/vxcyhlr.cluster024.hosting.ovh.net\/silvera\/wp-json\/wp\/v2\/types\/page"}],"author":[{"embeddable":true,"href":"http:\/\/vxcyhlr.cluster024.hosting.ovh.net\/silvera\/wp-json\/wp\/v2\/users\/9"}],"replies":[{"embeddable":true,"href":"http:\/\/vxcyhlr.cluster024.hosting.ovh.net\/silvera\/wp-json\/wp\/v2\/comments?post=5730"}],"version-history":[{"count":40,"href":"http:\/\/vxcyhlr.cluster024.hosting.ovh.net\/silvera\/wp-json\/wp\/v2\/pages\/5730\/revisions"}],"predecessor-version":[{"id":8689,"href":"http:\/\/vxcyhlr.cluster024.hosting.ovh.net\/silvera\/wp-json\/wp\/v2\/pages\/5730\/revisions\/8689"}],"wp:featuredmedia":[{"embeddable":true,"href":"http:\/\/vxcyhlr.cluster024.hosting.ovh.net\/silvera\/wp-json\/wp\/v2\/media\/3628"}],"wp:attachment":[{"href":"http:\/\/vxcyhlr.cluster024.hosting.ovh.net\/silvera\/wp-json\/wp\/v2\/media?parent=5730"}],"curies":[{"name":"wp","href":"https:\/\/api.w.org\/{rel}","templated":true}]}}