{"id":705,"date":"2018-06-20T14:37:00","date_gmt":"2018-06-20T12:37:00","guid":{"rendered":"http:\/\/vxcyhlr.cluster024.hosting.ovh.net\/silvera\/?page_id=705"},"modified":"2021-07-21T14:30:37","modified_gmt":"2021-07-21T12:30:37","slug":"foire-aux-questions","status":"publish","type":"page","link":"http:\/\/vxcyhlr.cluster024.hosting.ovh.net\/silvera\/foire-aux-questions\/","title":{"rendered":"Foire aux questions"},"content":{"rendered":"\n<div class=\"schema-faq wp-block-yoast-faq-block\"><div class=\"schema-faq-section\" id=\"faq-question-1626682572450\"><strong class=\"schema-faq-question\">Comment fonctionne votre site web ?<\/strong> <p class=\"schema-faq-answer\">Vous indiquez dans le moteur de recherche ce que vous recherchez. Puis sans effort et instantan\u00e9ment, il vous est propos\u00e9 des solutions qui correspondent \u00e0 votre recherche. Vous pouvez alors d\u00e9couvrir la ou les solutions et obtenir plus d\u2019informations sur son fonctionnement, o\u00f9 vous la procurer, avoir acc\u00e8s \u00e0 des t\u00e9moignages des utilisateurs et des vid\u00e9os pour comprendre comment cela fonctionne au quotidien. Et pour en savoir plus, vous aurez acc\u00e8s directement au site internet de chacune des marques qui vous proposent leur solution.<\/p> <\/div> <div class=\"schema-faq-section\" id=\"faq-question-1626682592467\"><strong class=\"schema-faq-question\">Comment puis-je agrandir la police du texte ?<\/strong> <p class=\"schema-faq-answer\">Utilisez cet outil \u00e0 droite de votre \u00e9cran :<br\/><img alt=\"outils site\" src=\"http:\/\/vxcyhlr.cluster024.hosting.ovh.net\/silvera\/wp-content\/uploads\/2021\/07\/tools.jpg\"\/><\/p> <\/div> <div class=\"schema-faq-section\" id=\"faq-question-1626682659052\"><strong class=\"schema-faq-question\">Comment ce site web a \u00e9t\u00e9 con\u00e7u ?<\/strong> <p class=\"schema-faq-answer\">Tous nos services ont fait l\u2019objet d\u2019une d\u00e9marche de conception o\u00f9 nous avons consult\u00e9 les avis des seniors et d\u2019autres utilisateurs lors de r\u00e9union de cr\u00e9ativit\u00e9 et de validation de nos d\u00e9veloppements.<br\/><\/p> <\/div> <div class=\"schema-faq-section\" id=\"faq-question-1626682681354\"><strong class=\"schema-faq-question\">Comment pourrais-je recevoir les informations de ce site sur un support papier ?<\/strong> <p class=\"schema-faq-answer\">Commandez notre guide que nous vous enverrons chez vous gratuitement dans les meilleurs d\u00e9lais. Remplissez ce <a href=\"http:\/\/vxcyhlr.cluster024.hosting.ovh.net\/silvera\/contact\/\">formulaire<\/a>.<\/p> <\/div> <div class=\"schema-faq-section\" id=\"faq-question-1626682729167\"><strong class=\"schema-faq-question\">Comment pourrais-je participer aux futurs d\u00e9veloppements de Silver Alliance ?<\/strong> <p class=\"schema-faq-answer\">Vous pouvez nous transmettre votre demande en remplissant ce <a href=\"http:\/\/vxcyhlr.cluster024.hosting.ovh.net\/silvera\/contact\/\">formulaire<\/a>. Nous vous inviterons alors \u00e0 nous rejoindre dans nos r\u00e9unions.<\/p> <\/div> <div class=\"schema-faq-section\" id=\"faq-question-1626682751052\"><strong class=\"schema-faq-question\">Comment pourrais-je \u00eatre inform\u00e9 des nouveaut\u00e9s de Silver Alliance ?<\/strong> <p class=\"schema-faq-answer\"><a href=\"http:\/\/vxcyhlr.cluster024.hosting.ovh.net\/silvera\/contact\/\">Abonnez-vous<\/a> \u00e0 la lettre d\u2019information pour recevoir mensuellement des informations compl\u00e9mentaires (bons plans commerciaux, avis d\u2019experts, nouveaut\u00e9 du site).<\/p> <\/div> <div class=\"schema-faq-section\" id=\"faq-question-1626682785141\"><strong class=\"schema-faq-question\">Comment mes donn\u00e9es personnes vont-elles \u00eatre utilis\u00e9es ?<\/strong> <p class=\"schema-faq-answer\">Toutes nos activit\u00e9s chez Silver Alliance respectent la nouvelle r\u00e9glementation RGPD. Nous n\u2019utiliserons pas vos donn\u00e9es \u00e0 des fins commerciales, nous les stockerons et les d\u00e9truirons avec votre consentement. Voir <a href=\"https:\/\/www.silveralliance.com\/politique-de-confidentialite\/\">politique de confidentialit\u00e9<\/a> et nos <a href=\"https:\/\/www.silveralliance.com\/cgu\/\">mentions l\u00e9gales et conditions g\u00e9n\u00e9rales d\u2019utilisation<\/a>.<\/p> <\/div> <div class=\"schema-faq-section\" id=\"faq-question-1626682811812\"><strong class=\"schema-faq-question\">Comment pourrais-je vous faire part de mes attentes, de mes commentaires et de mes avis ?<\/strong> <p class=\"schema-faq-answer\">Vous pouvez nous transmettre vos attentes, vos commentaires, vos avis en remplissant ce <a href=\"https:\/\/www.silveralliance.com\/contact\/\">formulaire<\/a>. Nous nous engageons \u00e0 r\u00e9pondre \u00e0 vos questions dans les meilleurs d\u00e9lais.<\/p> <\/div> <div class=\"schema-faq-section\" id=\"faq-question-1626682826272\"><strong class=\"schema-faq-question\">Comment puis-je \u00eatre certain de la qualit\u00e9 de vos informations ?<\/strong> <p class=\"schema-faq-answer\">Chaque entreprise a fait l\u2019objet d\u2019une s\u00e9lection rigoureuse au travers de <a href=\"https:\/\/www.silveralliance.com\/qui-sommes-nous\/\">crit\u00e8res de s\u00e9lection<\/a>.<\/p> <\/div> <div class=\"schema-faq-section\" id=\"faq-question-1626682848744\"><strong class=\"schema-faq-question\">Si je suis une entreprise, comment puis-je faire pour adh\u00e9rer \u00e0 Silver Alliance ?<\/strong> <p class=\"schema-faq-answer\">Remplissez le <a href=\"https:\/\/www.silveralliance.com\/contact\/\">formulaire<\/a> et nous vous r\u00e9pondrons dans les meilleurs d\u00e9lais.<\/p> <\/div> <div class=\"schema-faq-section\" id=\"faq-question-1626682857199\"><strong class=\"schema-faq-question\">Si je suis une entreprise, comment puis-je faire pour recevoir de l\u2019information sur Silver Alliance ?<\/strong> <p class=\"schema-faq-answer\">Remplissez le <a href=\"https:\/\/www.silveralliance.com\/contact\/\">formulaire<\/a> et nous vous r\u00e9pondrons dans les meilleurs d\u00e9lais.<\/p> <\/div> <\/div>\n","protected":false},"excerpt":{"rendered":"","protected":false},"author":5,"featured_media":8688,"parent":0,"menu_order":0,"comment_status":"closed","ping_status":"closed","template":"","meta":[],"_links":{"self":[{"href":"http:\/\/vxcyhlr.cluster024.hosting.ovh.net\/silvera\/wp-json\/wp\/v2\/pages\/705"}],"collection":[{"href":"http:\/\/vxcyhlr.cluster024.hosting.ovh.net\/silvera\/wp-json\/wp\/v2\/pages"}],"about":[{"href":"http:\/\/vxcyhlr.cluster024.hosting.ovh.net\/silvera\/wp-json\/wp\/v2\/types\/page"}],"author":[{"embeddable":true,"href":"http:\/\/vxcyhlr.cluster024.hosting.ovh.net\/silvera\/wp-json\/wp\/v2\/users\/5"}],"replies":[{"embeddable":true,"href":"http:\/\/vxcyhlr.cluster024.hosting.ovh.net\/silvera\/wp-json\/wp\/v2\/comments?post=705"}],"version-history":[{"count":21,"href":"http:\/\/vxcyhlr.cluster024.hosting.ovh.net\/silvera\/wp-json\/wp\/v2\/pages\/705\/revisions"}],"predecessor-version":[{"id":8376,"href":"http:\/\/vxcyhlr.cluster024.hosting.ovh.net\/silvera\/wp-json\/wp\/v2\/pages\/705\/revisions\/8376"}],"wp:featuredmedia":[{"embeddable":true,"href":"http:\/\/vxcyhlr.cluster024.hosting.ovh.net\/silvera\/wp-json\/wp\/v2\/media\/8688"}],"wp:attachment":[{"href":"http:\/\/vxcyhlr.cluster024.hosting.ovh.net\/silvera\/wp-json\/wp\/v2\/media?parent=705"}],"curies":[{"name":"wp","href":"https:\/\/api.w.org\/{rel}","templated":true}]}}