{"id":851,"date":"2018-06-26T11:57:35","date_gmt":"2018-06-26T09:57:35","guid":{"rendered":"http:\/\/vxcyhlr.cluster024.hosting.ovh.net\/silvera\/politique-de-cookie\/"},"modified":"2021-07-21T14:58:02","modified_gmt":"2021-07-21T12:58:02","slug":"cgu","status":"publish","type":"page","link":"http:\/\/vxcyhlr.cluster024.hosting.ovh.net\/silvera\/cgu\/","title":{"rendered":"Mentions l\u00e9gales et conditions g\u00e9n\u00e9rales d&rsquo;utilisation"},"content":{"rendered":"\n<p><span style=\"font-weight: 400;\"><b>Version \u00e0 jour du 30 ao\u00fbt 2018 <\/b><\/span><\/p>\n\n\n\n<h2><b>Article 1 \u2013 Objet des Pr\u00e9sentes Conditions G\u00e9n\u00e9rales d\u2019Utilisation<\/b><\/h2>\n\n\n\n<p><span style=\"font-weight: 400;\">Les pr\u00e9sentes <strong>Conditions G\u00e9n\u00e9rales d\u2019Utilisation<\/strong> ont pour objet de d\u00e9finir les relations entre d\u2019une part, la soci\u00e9t\u00e9 SILVER ALLIANCE et, d\u2019autre part, toute personne physique ou personne morale souhaitant utiliser les sites Internet SILVER ALLIANCE et les Services qui y sont propos\u00e9s, les termes Utilisateur, Site(s) et Services \u00e9tant d\u00e9finis \u00e0 l\u2019Article 3 ci-dessous.<\/span><\/p>\n\n\n\n<p><span style=\"font-weight: 400;\">Elles sont un accord juridique et contraignant entre SILVER ALLIANCE et tout Utilisateur des Sites SILVER ALLIANCE. En utilisant le Site ou les Services, l\u2019Utilisateur d\u00e9clare avoir lu et accept\u00e9 sans r\u00e9serve la version en vigueur des Conditions G\u00e9n\u00e9rales d\u2019Utilisation. Ces Conditions G\u00e9n\u00e9rales d\u2019Utilisation \u00e9tant susceptibles d\u2019\u00eatre modifi\u00e9es ou compl\u00e9t\u00e9es \u00e0 tout moment par SILVER ALLIANCE, sans pr\u00e9avis, les Utilisateurs sont invit\u00e9s \u00e0 les consulter de mani\u00e8re r\u00e9guli\u00e8re.<\/span><\/p>\n\n\n\n<h2><b>Article 2 \u2013 Mentions L\u00e9gales<\/b><\/h2>\n\n\n\n<p><span style=\"font-weight: 400;\">En vertu de l\u2019article de la loi n\u00b0 2004-575 du 21 juin 2004 pour la confiance dans l\u2019\u00e9conomie num\u00e9rique, il est pr\u00e9cis\u00e9 aux Utilisateurs du Site SILVER ALLIANCE l\u2019identit\u00e9 des diff\u00e9rents intervenants dans le cadre de sa r\u00e9alisation et de son suivi :<\/span><\/p>\n\n\n\n<ul><li>Propri\u00e9taire : la soci\u00e9t\u00e9 SILVER ALLIANCE, Soci\u00e9t\u00e9 par Actions Simplifi\u00e9e au capital de 1.000 Euros, dont le si\u00e8ge social est situ\u00e9 85 Boulevard Marie et Alexandre Oyon &#8211; 72000 Le Mans, immatricul\u00e9e au Registre du Commerce et des Soci\u00e9t\u00e9s du Mans sous le num\u00e9ro 839 664 901 \u2013 <a href=\"mailto:contact@silveralliance.fr\" target=\"_blank\" rel=\"noreferrer noopener nofollow\">contact@silveralliance.fr<\/a> &#8211; t\u00e9l\u00e9phone : 01 42 84 17 50<\/li><li>Directeur de la publication : Monsieur Guillaume RICHARD<\/li><li>H\u00e9bergeur : la soci\u00e9t\u00e9 PlanetHoster, Soci\u00e9t\u00e9 PlanetHoster, dont le si\u00e8ge social est situ\u00e9 4416 Louis-B.-Mayer Laval, Qu\u00e9bec Canada H7P 0G1 \u2013 t\u00e9l\u00e9phone de l\u2019entreprise \u00e0 Paris : 01 76 60 41 43. Site web : www.planethoster.net\/fr<\/li><\/ul>\n\n\n\n<h2><b>Article 3 \u2013 D\u00e9finitions <\/b><\/h2>\n\n\n\n<p><span style=\"font-weight: 400;\">Les termes utilis\u00e9s dans les pr\u00e9sentes <strong>Conditions G\u00e9n\u00e9rales d\u2019Utilisation<\/strong> sont d\u00e9finis ainsi :<\/span><\/p>\n\n\n\n<ul><li><span style=\"font-weight: 400;\">Le terme \u00ab <\/span>Utilisateur<span style=\"font-weight: 400;\"> \u00bb d\u00e9signe toute personne physique ou morale faisant usage du Site et\/ou des Services de SILVER ALLIANCE.<\/span><\/li><li>Le terme \u00ab Site(s) \u00bb d\u00e9signe l\u2019ensemble des outils technologiques et logiciels de SILVER ALLIANCE accessibles sur Internet notamment \u00e0 partir des Sites Internet SILVER ALLIANCE et par lesquels SILVER ALLIANCE fournit \u00e0 l\u2019Utilisateur ses Services, accessibles aux adresses : www.silveralliance.com, www.silveralliance.fr, www.silveralliance.net, www.silveralliance.biz, www.silverlliance.be, www.silveralliance.org, www.silveralliance.eu, www.silveralliance.info.<\/li><li>Le terme \u00ab Services \u00bb d\u00e9signe les services fournis par SILVER ALLIANCE aux Utilisateurs via le Site, \u00e0 savoir, l\u2019acc\u00e8s \u00e0 un regroupement d\u2019informations sur les biens et services \u00e0 destination des seniors dans le domaine du bien vieillir \u00e0 domicile propos\u00e9s par les membres de SILVER ALLIANCE et, le cas \u00e9ch\u00e9ant et sur demande expresse de l\u2019Utilisateur, l\u2019envoi d\u2019une newsletter et\/ou d\u2019informations compl\u00e9mentaires sur ces m\u00eames biens et services.<\/li><\/ul>\n\n\n\n<h2><b>Article 4 \u2013 Pr\u00e9sentation du Site<\/b><\/h2>\n\n\n\n<p><span style=\"font-weight: 400;\">La soci\u00e9t\u00e9 SILVER ALLIANCE est une entreprise de l\u2019\u00e9conomie collaborative autour de laquelle se sont regroup\u00e9s des fournisseurs de la Silver \u00e9conomie pour promouvoir leur marque par une offre compl\u00e8te de biens et de services \u00e0 destination des seniors en s\u2019engageant \u00e0 un savoir-faire et une qualit\u00e9 de services dans le domaine du bien vieillir \u00e0 domicile.<\/span><\/p>\n\n\n\n<p><span style=\"font-weight: 400;\">Le Site a pour objet de regrouper toute information utile sur les biens et services \u00e0 destination des seniors dans le domaine du bien vieillir \u00e0 domicile que proposent les membres de SILVER ALLIANCE et, le cas \u00e9ch\u00e9ant et sur demande expresse de l\u2019Utilisateur, de proposer l\u2019envoi d\u2019une newsletter et\/ou d\u2019informations compl\u00e9mentaires, dont le Guide du bien vieillir, sur ces m\u00eames biens et services.<\/span><\/p>\n\n\n\n<h2><b>Article 5 \u2013 Acc\u00e8s au Site et Limitation de Responsabilit\u00e9<\/b><\/h2>\n\n\n\n<p><span style=\"font-weight: 400;\">Les Sites sont accessibles gratuitement \u00e0 tout Utilisateur ayant un acc\u00e8s \u00e0 Internet, tous les frais relatifs \u00e0 l\u2019acc\u00e8s et \u00e0 l\u2019utilisation des Sites et des Services \u00e9tant \u00e0 la charge de l\u2019Utilisateur.<\/span><\/p>\n\n\n\n<p><span style=\"font-weight: 400;\">SILVER ALLIANCE s\u2019engage \u00e0 faire ses meilleurs efforts pour assurer aux Utilisateurs une accessibilit\u00e9 du Site \u00e0 tout moment. Toutefois, elle ne pourra \u00eatre tenue responsable en cas d\u2019indisponibilit\u00e9 du Site ou des Services, pour quelque cause que ce soit. SILVER ALLIANCE ne peut pas non plus \u00eatre tenue \u00e0 la s\u00e9curit\u00e9 informatique absolue du Site et sa responsabilit\u00e9 ne pourra \u00eatre engag\u00e9e en cas de virus ou autre logiciel infect\u00e9 pr\u00e9sent sur son Site.<\/span><\/p>\n\n\n\n<p><span style=\"font-weight: 400;\">SILVER ALLIANCE met en \u0153uvre ses meilleurs efforts pour fournir une information disponible et v\u00e9rifi\u00e9e mais ne peut garantir l\u2019exactitude, la compl\u00e9tude et l\u2019actualit\u00e9 des informations diffus\u00e9es sur son Site, les informations fournies l\u2019\u00e9tant \u00e0 titre indicatif. SILVER ALLIANCE ne pourra \u00eatre tenue responsable des omissions, des inexactitudes et des carences dans la mise \u00e0 jour du Site, qu\u2019elles soient de son fait ou du fait de ses membres ou de tiers partenaires qui lui fournissent ces informations.<\/span><\/p>\n\n\n\n<p><span style=\"font-weight: 400;\">Tout Utilisateur reconna\u00eet utiliser les informations disponibles sur le Site sous sa responsabilit\u00e9 exclusive.<\/span><\/p>\n\n\n\n<h2><b>Article 6 \u2013 Propri\u00e9t\u00e9 Intellectuelle<\/b><\/h2>\n\n\n\n<p><span style=\"font-weight: 400;\">Le Site, sa structure g\u00e9n\u00e9rale ainsi que tous les \u00e9l\u00e9ments accessibles sur le Site et leur compilation, notamment les marques, dessins, mod\u00e8les, textes, images, graphismes, logos, ic\u00f4nes, sons, logiciels et tout autre \u00e9l\u00e9ment composant le Site sont la propri\u00e9t\u00e9 exclusive de la soci\u00e9t\u00e9 SILVER ALLIANCE, ou bien sont r\u00e9guli\u00e8rement exploit\u00e9s sous licence. <\/span><\/p>\n\n\n\n<p><span style=\"font-weight: 400;\">La reproduction ou l\u2019utilisation de tout ou partie de ces \u00e9l\u00e9ments est seulement autoris\u00e9e aux fins exclusives d\u2019information pour un usage personnel et priv\u00e9, toute reproduction ou utilisation de copies r\u00e9alis\u00e9es \u00e0 d\u2019autres fins \u00e9tant express\u00e9ment interdites, sauf autorisation \u00e9crite pr\u00e9alable de SILVER ALLIANCE.<\/span><\/p>\n\n\n\n<p><span style=\"font-weight: 400;\">Toute exploitation non autoris\u00e9e du Site ou de l\u2019un quelconque des \u00e9l\u00e9ments qu\u2019il contient sera consid\u00e9r\u00e9e comme constitutive de contrefa\u00e7on et poursuivie conform\u00e9ment aux dispositions des articles L.335-2 et suivants du Code de Propri\u00e9t\u00e9 Intellectuelle.<\/span><\/p>\n\n\n\n<h2><b>Article 7 \u2013 Protection des Donn\u00e9es Personnelles<\/b><\/h2>\n\n\n\n<p><span style=\"font-weight: 400;\">La soci\u00e9t\u00e9 SILVER ALLIANCE, Soci\u00e9t\u00e9 par Actions Simplifi\u00e9e au capital de 1.000 Euros, dont le si\u00e8ge social est situ\u00e9 85 Boulevard Marie et Alexandre Oyon &#8211; 72000 Le Mans, immatricul\u00e9e au Registre du Commerce et des Soci\u00e9t\u00e9s du Mans sous le num\u00e9ro 839 664 901 \u2013 <\/span><a href=\"mailto:contact@silverlliance.com\" target=\"_blank\" rel=\"noreferrer noopener nofollow\"><span style=\"font-weight: 400;\">contact@silverlliance.com<\/span><\/a><span style=\"font-weight: 400;\"> &#8211; t\u00e9l\u00e9phone\u00a0: 01 42 84 17 50 est le responsable des donn\u00e9es personnelles collect\u00e9es sur les Sites SILVER ALLIANCE.<\/span><\/p>\n\n\n\n<p><span style=\"font-weight: 400;\">La collecte et le traitement de ces donn\u00e9es est strictement n\u00e9cessaire au traitement des demandes des Utilisateurs (principe de minimisation des donn\u00e9es) et sont destin\u00e9s exclusivement aux services en charge de r\u00e9pondre \u00e0 ces demandes et d\u2019en assurer le suivi.<\/span><\/p>\n\n\n\n<p><span style=\"font-weight: 400;\">Les informations personnelles sont collect\u00e9es et trait\u00e9es dans deux hypoth\u00e8ses aux finalit\u00e9s distinctes et l\u00e9gitimes d\u00e9finies de la fa\u00e7on suivante :<\/span><\/p>\n\n\n\n<ol><li style=\"font-weight: 400;\"><span style=\"font-weight: 400;\">Abonnement \u00e0 la lettre d\u2019information SILVER ALLIANCE, et\/ou<\/span><\/li><li style=\"font-weight: 400;\"><span style=\"font-weight: 400;\">Formulaire de contact. <\/span><\/li><\/ol>\n\n\n\n<p><span style=\"font-weight: 400;\">Les donn\u00e9es sont conserv\u00e9es&nbsp;:<\/span><\/p>\n\n\n\n<ol><li style=\"font-weight: 400;\"><span style=\"font-weight: 400;\">En cas d\u2019abonnement \u00e0 la lettre d\u2019information SILVER ALLIANCE, pour toute la dur\u00e9e de cet abonnement,<\/span><\/li><li style=\"font-weight: 400;\"><span style=\"font-weight: 400;\">Dans le cadre du formulaire de contact, deux ans \u00e0 compter du dernier contact entrant de la part de l\u2019Utilisateur.<\/span><\/li><\/ol>\n\n\n\n<p><span style=\"font-weight: 400;\">Conform\u00e9ment \u00e0 la loi Informatique et libert\u00e9s du 6 janvier 1978 modifi\u00e9e et au R\u00e8glement G\u00e9n\u00e9ral sur la Protection des Donn\u00e9es, l\u2019Utilisateur dispose d\u2019un droit d\u2019acc\u00e8s, d\u2019interrogation, de mise \u00e0 jour, de rectification et d\u2019effacement des informations qui le concernent, qu\u2019il peut exercer en s\u2019adressant \u00e0 contact@silveralliance.com, ou par courrier \u00e0 SILVER ALLIANCE, Contact Protection des Donn\u00e9es, 15 rue Edgar Brandt &#8211; 72000 Le Mans, en joignant la copie d\u2019une pi\u00e8ce d\u2019identit\u00e9 sign\u00e9e. Il dispose \u00e9galement d\u2019un droit de limitation et d\u2019un droit d\u2019opposition au traitement de ses donn\u00e9es personnelles, ainsi que d\u2019un droit d\u2019opposition \u00e0 ce que ces donn\u00e9es soient utilis\u00e9es \u00e0 des fins de prospection commerciale. <\/span><\/p>\n\n\n\n<p><span style=\"font-weight: 400;\">A tout instant, l\u2019Utilisateur peut se d\u00e9sinscrire de la liste de distribution de la lettre d\u2019information en utilisant le lien de d\u00e9sinscription pr\u00e9sent sur toute lettre d\u2019information SILVER ALLIANCE.<\/span><\/p>\n\n\n\n<p><span style=\"font-weight: 400;\">Les pr\u00e9sentes <strong>Conditions G\u00e9n\u00e9rales d\u2019Utilisation<\/strong> sont compl\u00e9mentaires et cumulatives avec la <a href=\"http:\/\/vxcyhlr.cluster024.hosting.ovh.net\/silvera\/politique-de-confidentialite\/\">Politique de Confidentialit\u00e9<\/a> et la <a href=\"http:\/\/vxcyhlr.cluster024.hosting.ovh.net\/silvera\/charte-cookies\/\">Charte Cookies<\/a> du Site, dont l\u2019Utilisateur a pris connaissance et qu\u2019il d\u00e9clare avoir accept\u00e9es.<\/span><\/p>\n\n\n\n<h2><b>Article 8 \u2013 Liens Hypertextes et Cookies<\/b><\/h2>\n\n\n\n<p><span style=\"font-weight: 400;\">Le Site\u00a0SILVER ALLIANCE contient un certain nombre de liens hypertextes vers d\u2019autres sites, mis en place avec l\u2019autorisation de SILVER ALLIANCE. L\u2019Utilisateur est inform\u00e9 de ce que SILVER ALLIANCE n\u2019a pas la possibilit\u00e9 d\u2019intervenir sur le contenu des sites ainsi visit\u00e9s et est invit\u00e9 \u00e0 <strong>se r\u00e9f\u00e9rer aux Conditions G\u00e9n\u00e9rales d\u2019Utilisation<\/strong> des autres sites ainsi visit\u00e9s et\/ou \u00e0 leur politique de protection des donn\u00e9es et de confidentialit\u00e9. <\/span><\/p>\n\n\n\n<p><span style=\"font-weight: 400;\">SILVER ALLIANCE ne pourra en aucun cas \u00eatre tenue responsable des \u00e9ventuels manquements \u00e0 la l\u00e9gislation et la r\u00e9glementation applicables sur les sites ainsi visit\u00e9s.<\/span><\/p>\n\n\n\n<p><span style=\"font-weight: 400;\">Les Utilisateurs du Site ne peuvent en aucun cas mettre en place un lien hypertexte en direction des Sites SILVER ALLIANCE sans l\u2019autorisation expresse et pr\u00e9alable de la soci\u00e9t\u00e9 SILVER ALLIANCE.<\/span><\/p>\n\n\n\n<p><span style=\"font-weight: 400;\">Le Site SILVER ALLIANCE est con\u00e7u pour r\u00e9pondre aux besoins des Utilisateurs et optimiser leur exp\u00e9rience de navigation sur le Site en r\u00e9pondant au mieux \u00e0 leurs attentes. C\u2019est pour cette raison et uniquement pour celle-ci que le Site fait usage de cookies, qui peuvent s\u2019installer sur le logiciel de navigation de l\u2019Utilisateur lors de sa navigation sur le Site.<\/span><\/p>\n\n\n\n<p><span style=\"font-weight: 400;\">Le cookie est un fichier de donn\u00e9es stock\u00e9es sur le disque dur de l\u2019Utilisateur qui sert \u00e0 enregistrer des informations relatives \u00e0 la navigation de celui-ci sur le Site dans le seul objectif d\u2019am\u00e9liorer le service personnalis\u00e9 destin\u00e9 \u00e0 l\u2019Utilisateur ainsi qu\u2019\u00e0 des fins de statistiques anonymis\u00e9es, comme d\u00e9taill\u00e9 dans la <a href=\"http:\/\/vxcyhlr.cluster024.hosting.ovh.net\/silvera\/charte-cookies\/\">Charte Cookies<\/a> de notre Site. <\/span><\/p>\n\n\n\n<p><span style=\"font-weight: 400;\">Le param\u00e9trage du logiciel de navigation permet d\u2019informer de la pr\u00e9sence de cookies et \u00e9ventuellement, de la refuser de la mani\u00e8re d\u00e9crite dans la <a href=\"http:\/\/vxcyhlr.cluster024.hosting.ovh.net\/silvera\/charte-cookies\/\">Charte Cookies<\/a> de notre Site et \u00e0 l\u2019adresse suivante <\/span><a href=\"http:\/\/www.cnil.fr\" target=\"_blank\" rel=\"noreferrer noopener\"><span style=\"font-weight: 400;\">www.cnil.fr<\/span><\/a><span style=\"font-weight: 400;\">. <\/span><\/p>\n\n\n\n<h2><b>Article 9 \u2013 Modification des Conditions G\u00e9n\u00e9rales d\u2019Utilisation<\/b><\/h2>\n\n\n\n<p><span style=\"font-weight: 400;\">Les pr\u00e9sentes <strong>Conditions G\u00e9n\u00e9rales d\u2019Utilisation<\/strong> sont susceptibles d\u2019\u00eatre modifi\u00e9es ou compl\u00e9t\u00e9es \u00e0 tout moment par SILVER ALLIANCE, sans pr\u00e9avis ni aucune contrepartie de quelque nature que ce soit. <\/span><\/p>\n\n\n\n<p><span style=\"font-weight: 400;\">Les Utilisateurs sont invit\u00e9s \u00e0 les consulter de mani\u00e8re r\u00e9guli\u00e8re, la date de mise \u00e0 jour \u00e9tant indiqu\u00e9e sur la version en vigueur.<\/span><\/p>\n\n\n\n<h2><b>Article 10 \u2013 Droit Applicable et Juridiction<\/b><\/h2>\n\n\n\n<p><span style=\"font-weight: 400;\">Les pr\u00e9sentes <strong>Conditions G\u00e9n\u00e9rales d\u2019Utilisation<\/strong> sont r\u00e9gies, interpr\u00e9t\u00e9es et appliqu\u00e9es en vertu du droit fran\u00e7ais. Il est fait attribution exclusive de juridiction aux tribunaux comp\u00e9tents de Paris. <\/span><\/p>\n","protected":false},"excerpt":{"rendered":"<p>Version \u00e0 jour du 30 ao\u00fbt 2018 Article 1 \u2013 Objet des Pr\u00e9sentes Conditions G\u00e9n\u00e9rales d\u2019Utilisation Les pr\u00e9sentes Conditions G\u00e9n\u00e9rales d\u2019Utilisation ont pour objet de d\u00e9finir les relations entre d\u2019une part, la soci\u00e9t\u00e9 SILVER ALLIANCE et, d\u2019autre part, toute personne physique ou personne morale souhaitant utiliser les sites Internet SILVER ALLIANCE et les Services qui [&hellip;]<\/p>\n","protected":false},"author":5,"featured_media":8692,"parent":0,"menu_order":0,"comment_status":"closed","ping_status":"closed","template":"","meta":[],"_links":{"self":[{"href":"http:\/\/vxcyhlr.cluster024.hosting.ovh.net\/silvera\/wp-json\/wp\/v2\/pages\/851"}],"collection":[{"href":"http:\/\/vxcyhlr.cluster024.hosting.ovh.net\/silvera\/wp-json\/wp\/v2\/pages"}],"about":[{"href":"http:\/\/vxcyhlr.cluster024.hosting.ovh.net\/silvera\/wp-json\/wp\/v2\/types\/page"}],"author":[{"embeddable":true,"href":"http:\/\/vxcyhlr.cluster024.hosting.ovh.net\/silvera\/wp-json\/wp\/v2\/users\/5"}],"replies":[{"embeddable":true,"href":"http:\/\/vxcyhlr.cluster024.hosting.ovh.net\/silvera\/wp-json\/wp\/v2\/comments?post=851"}],"version-history":[{"count":12,"href":"http:\/\/vxcyhlr.cluster024.hosting.ovh.net\/silvera\/wp-json\/wp\/v2\/pages\/851\/revisions"}],"predecessor-version":[{"id":8691,"href":"http:\/\/vxcyhlr.cluster024.hosting.ovh.net\/silvera\/wp-json\/wp\/v2\/pages\/851\/revisions\/8691"}],"wp:featuredmedia":[{"embeddable":true,"href":"http:\/\/vxcyhlr.cluster024.hosting.ovh.net\/silvera\/wp-json\/wp\/v2\/media\/8692"}],"wp:attachment":[{"href":"http:\/\/vxcyhlr.cluster024.hosting.ovh.net\/silvera\/wp-json\/wp\/v2\/media?parent=851"}],"curies":[{"name":"wp","href":"https:\/\/api.w.org\/{rel}","templated":true}]}}