{"id":905,"date":"2018-06-27T15:02:48","date_gmt":"2018-06-27T13:02:48","guid":{"rendered":"http:\/\/vxcyhlr.cluster024.hosting.ovh.net\/silvera\/?page_id=905"},"modified":"2021-07-21T15:38:39","modified_gmt":"2021-07-21T13:38:39","slug":"politique-de-confidentialite","status":"publish","type":"page","link":"http:\/\/vxcyhlr.cluster024.hosting.ovh.net\/silvera\/politique-de-confidentialite\/","title":{"rendered":"Politique de confidentialit\u00e9"},"content":{"rendered":"<p><b>Version \u00e0 jour du 17 juillet 2018 <\/b><\/p>\n<h2>Principes Fondamentaux et Valeurs<\/h2>\n<p><span style=\"font-weight: 400;\">Loyaut\u00e9, transparence, \u00e9thique, confiance et bienveillance sont les principes fondamentaux sur lesquels s\u2019est construite SILVER ALLIANCE. Nos membres adh\u00e8rent \u00e0 une <strong>Charte de Valeurs<\/strong> d\u00e9finissant ces principes et leur application concr\u00e8te. <\/span><span style=\"font-weight: 400;\">C\u2019est donc tout naturellement que ces valeurs sont directement int\u00e9gr\u00e9es et valoris\u00e9es dans nos d\u00e9marches et nos proc\u00e9dures lorsque nous sommes conduits \u00e0 collecter et traiter certaines de vos donn\u00e9es personnelles. <\/span><\/p>\n<p><span style=\"font-weight: 400;\">La pr\u00e9sente Politique de Confidentialit\u00e9, mise en place par SILVER ALLIANCE, a vocation \u00e0 compl\u00e9ter nos <\/span><a href=\"http:\/\/vxcyhlr.cluster024.hosting.ovh.net\/silvera\/cgu\/\">Conditions G\u00e9n\u00e9rales d\u2019Utilisation<\/a><span style=\"font-weight: 400;\"> afin de vous fournir une information synth\u00e9tique et globale sur <strong>les traitements de vos donn\u00e9es \u00e0 caract\u00e8re personnel<\/strong> que nous pouvons \u00eatre conduits \u00e0 op\u00e9rer.<\/span><\/p>\n<h2>Engagements<\/h2>\n<p>Au-del\u00e0 de notre engagement \u00e0 <strong>traiter vos donn\u00e9es dans le respect des lois et r\u00e8glementations applicables<\/strong>, et notamment de la Loi Informatique et Libert\u00e9 modifi\u00e9e (Loi n\u00b0 78-17 du 6 janvier 1978 relative \u00e0 l\u2019informatique, aux fichiers et aux libert\u00e9s) et du R\u00e8glement sur la Protection des Donn\u00e9es Personnelles (R\u00e8glement (UE) 2016\/679 du Parlement europ\u00e9en et du Conseil du 27 avril 2016 dit \u201cRGPD\u201d), l\u2019objectif-m\u00eame de la collecte et du traitement de vos informations r\u00e9side dans la poursuite d\u2019un seul objectif, optimiser votre exp\u00e9rience sur notre Site et votre satisfaction.<\/p>\n<h2>Les donn\u00e9es que nous collectons<\/h2>\n<p>Fid\u00e8le \u00e0 sa d\u00e9marche de transparence et de bienveillance, SILVER ALLIANCE veille \u00e0 ne collecter et traiter que les donn\u00e9es strictement n\u00e9cessaires pour traiter votre demande selon le principe de minimisation des donn\u00e9es.<\/p>\n<p><span style=\"font-weight: 400;\">Dans notre formulaire de contact ou lors de votre inscription \u00e0 notre lettre d\u2019information, nous ne recueillons que vos nom et pr\u00e9nom ainsi que votre adresse e-mail. <\/span><span style=\"font-weight: 400;\">Votre adresse postale et\/ou le nom de votre entreprise ne vous sont demand\u00e9s qu\u2019\u00e0 titre facultatif et selon votre demande. <\/span><span style=\"font-weight: 400;\">Par ailleurs, votre adresse IP est collect\u00e9e par notre serveur pour r\u00e9aliser des statistiques de fr\u00e9quentation du site et effectuer les diagnostiques et analyses des\u00a0\u00e9ventuels messages d\u2019erreur. Les adresses IP ainsi collect\u00e9es sont compress\u00e9es et archiv\u00e9es sous la forme d\u2019un historique des donn\u00e9es de connexion.<\/span><\/p>\n<p><span style=\"font-weight: 400;\">En ce qui concerne la collecte de donn\u00e9es par l\u2019utilisation de cookies, nous vous renvoyons \u00e0 notre <\/span><a href=\"http:\/\/vxcyhlr.cluster024.hosting.ovh.net\/silvera\/charte-cookies\/\">Charte Cookies<\/a><span style=\"font-weight: 400;\">.<\/span><\/p>\n<h2>La finalit\u00e9 de la collecte<\/h2>\n<p>La <strong>collecte de donn\u00e9es personnelles<\/strong> dans notre formulaire de contact ou lors de votre inscription \u00e0 notre lettre d\u2019information\u00a0a pour finalit\u00e9 le traitement de votre demande et son suivi. La collecte de votre adresse IP par notre serveur a pour finalit\u00e9 de r\u00e9aliser des statistiques de fr\u00e9quentation du site et d\u2019effectuer les diagnostiques et analyses des\u00a0\u00e9ventuels messages d\u2019erreur.<\/p>\n<h2>Utilisation de vos donn\u00e9es<\/h2>\n<p><span style=\"font-weight: 400;\">Vos donn\u00e9es ne sont utilis\u00e9es que pour la finalit\u00e9 de la collecte et <strong>ne seront en aucun cas vendues, ni \u00e9chang\u00e9es, ni donn\u00e9es<\/strong>. Elles ne seront pas non plus utilis\u00e9es dans un objectif de prospection commerciale.<\/span><\/p>\n<h2>Destinataire des Donn\u00e9es<\/h2>\n<p><span style=\"font-weight: 400;\">Les donn\u00e9es collect\u00e9es sont destin\u00e9es exclusivement aux services en charge de r\u00e9pondre \u00e0 vos demandes et d\u2019en assurer le suivi. L&rsquo;information transmise est r\u00e9serv\u00e9e \u00e0 l\u2019usage exclusif de SILVER ALLIANCE et ne sera en aucun cas communiqu\u00e9e \u00e0 des tiers, sauf en application d&rsquo;une loi, d&rsquo;un r\u00e8glement ou en vertu d&rsquo;une d\u00e9cision d&rsquo;une autorit\u00e9 r\u00e9glementaire ou judiciaire comp\u00e9tente ou encore, si cela s&rsquo;av\u00e8re n\u00e9cessaire, aux fins de pr\u00e9server les droits et int\u00e9r\u00eats l\u00e9gitimes de SILVER ALLIANCE.<\/span><\/p>\n<h2>Dur\u00e9e de conservation des Donn\u00e9es<\/h2>\n<p>En cas d\u2019abonnement \u00e0 notre lettre d\u2019information, vos donn\u00e9es sont conserv\u00e9es pour toute la dur\u00e9e de cet abonnement. A tout instant, vous pouvez vous d\u00e9sinscrire de la liste de distribution de la lettre d\u2019informations en utilisant le lien de d\u00e9sinscription pr\u00e9sent sur toute lettre d\u2019informations de SILVER ALLIANCE.<\/p>\n<p>Dans le cadre du formulaire de contact, vos donn\u00e9es sont conserv\u00e9es 2 ans \u00e0 compter de votre dernier contact \u00e0 notre attention.<\/p>\n<p>Les adresses IP collect\u00e9es par notre serveur sont compress\u00e9es et archiv\u00e9es sous la forme d\u2019un historique des donn\u00e9es de connexion, ces historiques \u00e9tant conserv\u00e9s pour une dur\u00e9e de sept (7) jours sur nos serveurs avant destruction.<\/p>\n<h2>Vos Droits<\/h2>\n<p>Vous b\u00e9n\u00e9ficiez d\u2019un droit d\u2019acc\u00e8s, d\u2019interrogation, de mise \u00e0 jour, de rectification et d\u2019effacement de vos donn\u00e9es. Vous pouvez \u00e9galement vous opposer, pour un motif l\u00e9gitime, \u00e0 l\u2019utilisation de vos donn\u00e9es.<\/p>\n<p>Vous seul pouvez exercer ces droits sur vos propres donn\u00e9es en joignant la copie de votre pi\u00e8ce d\u2019identit\u00e9 sign\u00e9e et en vous adressant \u00e0\u00a0: <a href=\"mailto:contact@silveralliance.fr\" target=\"_blank\" rel=\"noopener\">contact@silveralliance.fr<\/a> ou par courrier \u00e0\u00a0: SILVER ALLIANCE, Contact Protection des Donn\u00e9es, 15 rue Cels &#8211; 75014 Paris.<\/p>\n<h2>Protection de vos donn\u00e9es<\/h2>\n<p><span style=\"font-weight: 400;\">Nous mettons en \u0153uvre des mesures de s\u00e9curit\u00e9 techniques et organisationnelles pour <strong>pr\u00e9server l&rsquo;int\u00e9grit\u00e9 de vos donn\u00e9es personnelles<\/strong> et en assurer la confidentialit\u00e9 depuis leur collecte et lors de leur transit sur notre Site ainsi que durant leur traitement et lors de leur conservation. <\/span><\/p>\n<h2>Modification de la Politique de Confidentialit\u00e9<\/h2>\n<p><span style=\"font-weight: 400;\">La pr\u00e9sente Politique de Confidentialit\u00e9 est susceptible d\u2019\u00eatre modifi\u00e9e ou compl\u00e9t\u00e9e \u00e0 tout moment par SILVER ALLIANCE. <\/span><\/p>\n<p><span style=\"font-weight: 400;\">Nous vous invitons \u00e0 la consulter de mani\u00e8re r\u00e9guli\u00e8re, la date de mise \u00e0 jour \u00e9tant indiqu\u00e9e sur la version en vigueur.<\/span><\/p>\n<h2>Contact<\/h2>\n<p><span style=\"font-weight: 400;\">Pour toute demande d\u2019information compl\u00e9mentaire sur notre Politique de Confidentialit\u00e9, vous pouvez vous adresser \u00e0\u00a0: <\/span><a href=\"mailto:contact@silveralliance.fr\" target=\"_blank\" rel=\"noopener\"><span style=\"font-weight: 400;\">contact@silveralliance.fr<\/span><\/a><\/p>\n","protected":false},"excerpt":{"rendered":"<p>Version \u00e0 jour du 17 juillet 2018 Principes Fondamentaux et Valeurs Loyaut\u00e9, transparence, \u00e9thique, confiance et bienveillance sont les principes fondamentaux sur lesquels s\u2019est construite SILVER ALLIANCE. Nos membres adh\u00e8rent \u00e0 une Charte de Valeurs d\u00e9finissant ces principes et leur application concr\u00e8te. C\u2019est donc tout naturellement que ces valeurs sont directement int\u00e9gr\u00e9es et valoris\u00e9es dans [&hellip;]<\/p>\n","protected":false},"author":5,"featured_media":8701,"parent":0,"menu_order":0,"comment_status":"closed","ping_status":"closed","template":"","meta":[],"_links":{"self":[{"href":"http:\/\/vxcyhlr.cluster024.hosting.ovh.net\/silvera\/wp-json\/wp\/v2\/pages\/905"}],"collection":[{"href":"http:\/\/vxcyhlr.cluster024.hosting.ovh.net\/silvera\/wp-json\/wp\/v2\/pages"}],"about":[{"href":"http:\/\/vxcyhlr.cluster024.hosting.ovh.net\/silvera\/wp-json\/wp\/v2\/types\/page"}],"author":[{"embeddable":true,"href":"http:\/\/vxcyhlr.cluster024.hosting.ovh.net\/silvera\/wp-json\/wp\/v2\/users\/5"}],"replies":[{"embeddable":true,"href":"http:\/\/vxcyhlr.cluster024.hosting.ovh.net\/silvera\/wp-json\/wp\/v2\/comments?post=905"}],"version-history":[{"count":7,"href":"http:\/\/vxcyhlr.cluster024.hosting.ovh.net\/silvera\/wp-json\/wp\/v2\/pages\/905\/revisions"}],"predecessor-version":[{"id":8700,"href":"http:\/\/vxcyhlr.cluster024.hosting.ovh.net\/silvera\/wp-json\/wp\/v2\/pages\/905\/revisions\/8700"}],"wp:featuredmedia":[{"embeddable":true,"href":"http:\/\/vxcyhlr.cluster024.hosting.ovh.net\/silvera\/wp-json\/wp\/v2\/media\/8701"}],"wp:attachment":[{"href":"http:\/\/vxcyhlr.cluster024.hosting.ovh.net\/silvera\/wp-json\/wp\/v2\/media?parent=905"}],"curies":[{"name":"wp","href":"https:\/\/api.w.org\/{rel}","templated":true}]}}